{"id":1133,"date":"2022-09-29T07:33:47","date_gmt":"2022-09-29T07:33:47","guid":{"rendered":"https:\/\/orangeco.it\/?page_id=1133"},"modified":"2023-05-17T12:40:44","modified_gmt":"2023-05-17T10:40:44","slug":"presse-di-estrusione","status":"publish","type":"page","link":"https:\/\/orangeco.it\/fr\/aluminium\/presses-a-extruder\/","title":{"rendered":"Presse di estrusione"},"content":{"rendered":"<h1>PRESSES \u00c0<\/p>\n<div>EXTRUDER<\/div>\n<\/h1>\n<h2>Les profil\u00e9s d\u2019aluminium sont obtenus au moyen d\u2019un processus d\u2019extrusion qui consiste \u00e0 pousser une billette cylindrique d\u2019aluminium pr\u00e9chauff\u00e9e \u00e0 travers une presse profil\u00e9e.<\/h2>\n<div>\n<p>La facilit\u00e9 d\u2019extrusion des alliages d\u2019aluminium, \u00e0 partir desquels il est possible d\u2019obtenir des formes complexes, permet aux concepteurs d\u2019\u00ab employer le m\u00e9tal l\u00e0 o\u00f9 il est utile \u00bb et d\u2019introduire des caract\u00e9ristiques multifonctionnelles.<\/p>\n<\/div>\n<div>\n<p>Les extrud\u00e9s d\u2019aluminium sont utilis\u00e9s dans le secteur du b\u00e2timent \u00e0 usage commercial et r\u00e9sidentiel pour les cadres de fen\u00eatres, les portes et les parois continues, dans les structures des maisons et \u00e9difices pr\u00e9fabriqu\u00e9s et dans un certain nombre d\u2019autres applications:<\/p>\n<\/div>\n<ul>\n<li>\n<p>        <img decoding=\"async\" src=\"\/wp-content\/uploads\/2023\/01\/ALL.10.jpg\" alt=\"\"><\/p>\n<h3>Presses \u00e0 extrusion directe<\/h3>\n<div>\n<p>Dans l\u2019extrusion directe, une tige avec roulement \u00e0 pression dans la partie ant\u00e9rieure pousse la \nbillette dans un conteneur stationnaire \u00e0 travers un dispositif aux formes souhait\u00e9es, la matrice.\nLe mouvement relatif se fait entre la billette et le conteneur.\nLa Orange Evp Italia a d\u00e9velopp\u00e9 diverses presses \u00e0 chargement arri\u00e8re et avant pour l\u2019aluminium, la cuivre ou le laiton.<\/p>\n<\/div>\n<\/li>\n<li>\n<p>        <img decoding=\"async\" src=\"\/wp-content\/uploads\/2023\/01\/ALL.11.jpg\" alt=\"\"><\/p>\n<h3>Presses \u00e0 extrusion indirecte <\/h3>\n<div>\n<p>Dans l\u2019extrusion indirecte, la matrice se trouve face \u00e0 un pied creux pouss\u00e9 contre la billette par le mouvement en avant du conteneur ferm\u00e9 \u00e0 l\u2019arri\u00e8re.                                                                                                                                                      \nAucun mouvement relatif n\u2019est \u00e0 relever entre la billette et le conteneur.\n                                                                                                                                                                                                               La Orange Evp Italia a d\u00e9velopp\u00e9 une solution diff\u00e9rente pour le cycle de pressage avec un moule fixe ou mobile pour l\u2019extrusion indirecte de l\u2019aluminium, du cuivre ou du laiton.<\/p>\n<\/div>\n<\/li>\n<li>\n<p>        <img decoding=\"async\" src=\"\/wp-content\/uploads\/2023\/01\/ALL.12.jpg\" alt=\"\"><\/p>\n<h3>Presses \u00e0 extruder pour tubes<\/h3>\n<div>\n<p>Pour le processus d\u2019extrusion pour la fabrication de tubes sans soudage ou de profils sp\u00e9ciaux avec des alliages tenaces et durs en extrusion directe ou indirecte, la bonne option est la presse avec perforeuse. \nOrange Evp Italia a d\u00e9velopp\u00e9 une solution diff\u00e9rente pour l\u2019extrusion avec cycle fixe ou \nmobile pour l\u2019extrusion directe ou indirecte d\u2019aluminium, de cuivre ou de laiton.<\/p>\n<\/div>\n<\/li>\n<\/ul>\n<h1>CONTACTS<\/h1>\n<div>\n<p>Orange Evp Italia srl <br \/>Via Milano,1<br \/>24040 Boltiere (BG)\nItalie<\/p>\n<p><strong>T\u00e9l.<\/strong>\u00a0(+39) 328 2033858<br \/>info@orangeco.it<br \/><span>www.orangeco.it <\/span><\/p>\n<\/div>\n<p>\n    <a href=\"https:\/\/orangeco.it\/fr\/contacts\/\">CONTACTEZ NOUS<\/a>\n<\/p>\n<p><!--more--><br \/>\n<!-- {\"type\":\"layout\",\"children\":[{\"name\":\"inizio DESCRIZIONE\",\"type\":\"section\",\"props\":{\"style\":\"default\",\"width\":\"large\",\"vertical_align\":\"middle\",\"title_position\":\"top-left\",\"title_rotation\":\"left\",\"title_breakpoint\":\"xl\",\"image_position\":\"center-center\",\"height\":\"full\",\"padding\":\"large\",\"image\":\"wp-content\\\/uploads\\\/2022\\\/10\\\/cose-strane-1.png\",\"text_color\":\"light\",\"image_size\":\"cover\",\"image_width\":\"2560\",\"image_loading\":true,\"image_effect\":\"parallax\",\"sticky\":\"\",\"animation\":\"slide-left-medium\",\"animation_delay\":\"200\",\"image_parallax_easing\":\"1\",\"media_visibility\":\"m\"},\"children\":[{\"name\":\"\",\"type\":\"row\",\"children\":[{\"name\":\"\",\"type\":\"column\",\"props\":{\"image_position\":\"center-center\",\"width_medium\":\"1-1\",\"media_overlay_gradient\":\"\",\"position_sticky_breakpoint\":\"m\"},\"children\":[{\"name\":\"\",\"type\":\"headline\",\"props\":{\"title_element\":\"h1\",\"title_style\":\"heading-large\",\"text_align\":\"left\",\"content\":\"PRESSE DI\\n\n\n<div>ESTRUSIONE<\\\/div>\",\"title_color\":\"warning\",\"margin\":\"small\",\"css\":\"@media (min-width: 0px) and (max-width: 640px) {\\n    .el-element { \\n        font-size: 40px;\\n    }\\n}\\n@media (min-width: 641px) and (max-width: 960px) {\\n    .el-element { \\n        font-size: 64,6px;\\n    }\\n}\\n\"}},{\"name\":\"\",\"type\":\"headline\",\"props\":{\"title_element\":\"h2\",\"title_style\":\"h2\",\"text_align\":\"left\",\"content\":\"I profilati di alluminio si ottengono tramite il processo di estrusione, che consiste nello spingere una billetta cilindrica di alluminio preriscaldata attraverso uno stampo sagomato.\",\"title_color\":\"primary\",\"margin\":\"small\",\"maxwidth\":\"xlarge\",\"css\":\"@media (min-width: 0px) and (max-width: 640px) {\\n    .el-element { \\n        font-size: 25px;\\n    }\\n}\\n@media (min-width: 641px) and (max-width: 960px) {\\n    .el-element { \\n        font-size: 43,2px;\\n    }\\n}\\n\"}},{\"type\":\"text\",\"props\":{\"margin\":\"default\",\"column_breakpoint\":\"m\",\"content\":\"\n\n<p>La facilit\\u00e0 di estrusione delle leghe di alluminio, da cui si possono ottenere forme complesse, consente ai progettisti di \\u201cimpiegare il metallo l\\u00e0 dove serve\\u201d e di introdurre caratteristiche multifunzionali.<\\\/p>\",\"text_color\":\"muted\",\"maxwidth\":\"xlarge\",\"margin_remove_top\":true,\"text_align\":\"left\",\"text_style\":\"lead\"}}]}],\"props\":{\"margin\":\"xlarge\",\"margin_remove_top\":false}}]},{\"type\":\"section\",\"props\":{\"style\":\"secondary\",\"width\":\"default\",\"vertical_align\":\"middle\",\"title_position\":\"top-left\",\"title_rotation\":\"left\",\"title_breakpoint\":\"xl\",\"image_position\":\"center-center\"},\"children\":[{\"type\":\"row\",\"children\":[{\"type\":\"column\",\"props\":{\"position_sticky_breakpoint\":\"m\",\"image_position\":\"center-center\",\"media_overlay_gradient\":\"\"},\"children\":[{\"type\":\"headline\",\"props\":{\"title_element\":\"div\",\"content\":\"\n\n<p>Gli estrusi di alluminio vengono utilizzati in edilizia commerciale e residenziale per i telai di finestre, porte e pareti continue, in strutture di case ed edifici prefabbricati ed in numerose altre applicazioni:<\\\/p>\",\"text_align\":\"left\",\"title_style\":\"h2\",\"margin\":\"medium\",\"margin_remove_top\":true,\"css\":\"@media (min-width: 0px) and (max-width: 640px) {\\n    .el-element { \\n        font-size: 25px;\\n    }\\n}\\n@media (min-width: 641px) and (max-width: 960px) {\\n    .el-element { \\n        font-size: 43,2px;\\n    }\\n}\\n\"},\"name\":\"titolo sopra\"},{\"type\":\"accordion\",\"props\":{\"show_image\":true,\"show_link\":true,\"collapsible\":true,\"content_column_breakpoint\":\"m\",\"image_svg_color\":\"emphasis\",\"image_align\":\"left\",\"image_grid_width\":\"1-2\",\"image_grid_breakpoint\":\"m\",\"link_text\":\"Read more\",\"link_style\":\"default\",\"image_border\":\"rounded\",\"content_style\":\"lead\",\"image_vertical_align\":true},\"children\":[{\"type\":\"accordion_item\",\"props\":{\"title\":\"Presse di estrusione diretta\",\"content\":\"\n\n<p>Nell'estrusione diretta uno stelo con un cuscinetto a pressione nella parte anteriore, spinge la billetta in un contenitore stazionario, attraverso un utensile con le forme desiderate, la matrice. Il relativo movimento avviene tra la billetta e il contenitore. La Orange Evp Italia ha sviluppato diverse presse, di tipo back-loading e front-loading per alluminio, rame o ottone.<\\\/p>\",\"image\":\"wp-content\\\/uploads\\\/2023\\\/01\\\/ALL.10.jpg\"}},{\"type\":\"accordion_item\",\"props\":{\"title\":\"Presse di estrusione indiretta \",\"content\":\"\n\n<p>Nell'estrusione indiretta, la matrice si trova davanti a un gambo cavo e spinto contro la billetta dal movimento in avanti del contenitore chiuso sul retro. Non vi \\u00e8 quindi alcun movimento relativo tra la billetta e il contenitore. \\u00a0La Orange Evp Italia ha sviluppato una soluzione diversa per il ciclo di pressatura con stampo fisso o mobile per estrusione indiretta di alluminio, rame o ottone.<\\\/p>\",\"image\":\"wp-content\\\/uploads\\\/2023\\\/01\\\/ALL.11.jpg\"}},{\"type\":\"accordion_item\",\"props\":{\"title\":\"Presse di estrusione tubi\",\"content\":\"\n\n<p>Per il processo di estrusione per costruire tubi senza saldatura o profili speciali con l'uso di leghe tenaci o dure in estrusione diretta o indiretta, la buona opzione \\u00e8 la pressa con il foratore. La Orange Evp Italia ha sviluppato una soluzione diversa per l'estrusione con ciclo fisso o mobile per estrusione diretta o indiretta di alluminio, rame o ottone.<\\\/p>\",\"image\":\"wp-content\\\/uploads\\\/2023\\\/01\\\/ALL.12.jpg\"}}]}]}]}]},{\"name\":\"contatti\",\"type\":\"section\",\"props\":{\"style\":\"default\",\"width\":\"large\",\"vertical_align\":\"middle\",\"title_position\":\"top-left\",\"title_rotation\":\"left\",\"title_breakpoint\":\"xl\",\"image_position\":\"bottom-right\",\"height\":\"full\",\"padding\":\"large\",\"image\":\"wp-content\\\/uploads\\\/2022\\\/10\\\/shutterstock_1266244810.png\",\"text_color\":\"light\",\"image_size\":\"cover\",\"image_width\":\"2560\",\"image_loading\":true,\"image_effect\":\"parallax\",\"sticky\":\"\",\"animation\":\"slide-left-medium\",\"animation_delay\":\"200\",\"image_parallax_easing\":\"1\",\"media_visibility\":\"m\"},\"children\":[{\"name\":\"\",\"type\":\"row\",\"children\":[{\"name\":\"\",\"type\":\"column\",\"props\":{\"image_position\":\"center-center\",\"width_medium\":\"1-2\",\"media_overlay_gradient\":\"\",\"position_sticky_breakpoint\":\"m\"},\"children\":[{\"name\":\"\",\"type\":\"headline\",\"props\":{\"title_element\":\"h1\",\"title_style\":\"heading-small\",\"text_align\":\"left\",\"content\":\"CONTATTI\",\"title_color\":\"secondary\",\"margin\":\"small\",\"maxwidth\":\"2xlarge\",\"block_align\":\"right\",\"css\":\"@media (min-width: 0px) and (max-width: 640px) {\\n    .el-element { \\n        font-size: 25px;\\n    }\\n}\\n@media (min-width: 641px) and (max-width: 960px) {\\n    .el-element { \\n        font-size: 43,2px;\\n    }\\n}\\n\"}},{\"type\":\"text\",\"props\":{\"margin\":\"default\",\"column_breakpoint\":\"m\",\"content\":\"\n\n<p>Orange Evp Italia srl <br \\\/>Via Milano,1<br \\\/>24040 Boltiere (BG) Italia<\\\/p>\\n\n\n<p><strong>Tel.<\\\/strong>\\u00a0(+39) 328 2033858<br \\\/>info@orangeco.it<br \\\/><span>www.orangeco.it <\\\/span><\\\/p>\",\"text_color\":\"muted\",\"maxwidth\":\"xlarge\",\"margin_remove_top\":true,\"text_align\":\"left\",\"text_style\":\"lead\"}},{\"type\":\"button\",\"props\":{\"grid_column_gap\":\"small\",\"grid_row_gap\":\"small\",\"margin\":\"default\",\"text_align\":\"left\"},\"children\":[{\"type\":\"button_item\",\"props\":{\"button_style\":\"primary\",\"icon_align\":\"left\",\"content\":\"CONTATTACI\",\"link\":\"contatti\\\/\"}}]}]},{\"type\":\"column\",\"props\":{\"position_sticky_breakpoint\":\"m\",\"image_position\":\"center-center\",\"media_overlay_gradient\":\"\",\"width_medium\":\"1-2\"},\"children\":[]}],\"props\":{\"margin\":\"xlarge\",\"margin_remove_top\":false,\"layout\":\"1-2,1-2\"}}]}],\"version\":\"3.0.6\"} --><\/p>","protected":false},"excerpt":{"rendered":"<p>PRESSE DI ESTRUSIONE I profilati di alluminio si ottengono tramite il processo di estrusione, che consiste nello spingere una billetta cilindrica di alluminio preriscaldata attraverso uno stampo sagomato. La facilit\u00e0 di estrusione delle leghe di alluminio, da cui si possono ottenere forme complesse, consente ai progettisti di \u201cimpiegare il metallo l\u00e0 dove serve\u201d e di [&hellip;]<\/p>","protected":false},"author":1,"featured_media":0,"parent":1121,"menu_order":0,"comment_status":"closed","ping_status":"closed","template":"","meta":{"footnotes":""},"class_list":["post-1133","page","type-page","status-publish","hentry"],"acf":[],"_links":{"self":[{"href":"https:\/\/orangeco.it\/fr\/wp-json\/wp\/v2\/pages\/1133","targetHints":{"allow":["GET"]}}],"collection":[{"href":"https:\/\/orangeco.it\/fr\/wp-json\/wp\/v2\/pages"}],"about":[{"href":"https:\/\/orangeco.it\/fr\/wp-json\/wp\/v2\/types\/page"}],"author":[{"embeddable":true,"href":"https:\/\/orangeco.it\/fr\/wp-json\/wp\/v2\/users\/1"}],"replies":[{"embeddable":true,"href":"https:\/\/orangeco.it\/fr\/wp-json\/wp\/v2\/comments?post=1133"}],"version-history":[{"count":33,"href":"https:\/\/orangeco.it\/fr\/wp-json\/wp\/v2\/pages\/1133\/revisions"}],"predecessor-version":[{"id":2813,"href":"https:\/\/orangeco.it\/fr\/wp-json\/wp\/v2\/pages\/1133\/revisions\/2813"}],"up":[{"embeddable":true,"href":"https:\/\/orangeco.it\/fr\/wp-json\/wp\/v2\/pages\/1121"}],"wp:attachment":[{"href":"https:\/\/orangeco.it\/fr\/wp-json\/wp\/v2\/media?parent=1133"}],"curies":[{"name":"wp","href":"https:\/\/api.w.org\/{rel}","templated":true}]}}