{"id":1129,"date":"2022-09-29T07:33:47","date_gmt":"2022-09-29T07:33:47","guid":{"rendered":"https:\/\/orangeco.it\/?page_id=1129"},"modified":"2023-05-17T09:54:21","modified_gmt":"2023-05-17T07:54:21","slug":"assistenza-tecnica-globale","status":"publish","type":"page","link":"https:\/\/orangeco.it\/fr\/entreprise\/assistance-technique-mondiale\/","title":{"rendered":"Assistance technique mondiale"},"content":{"rendered":"<h1>\n<p>ASSISTANCE TECHNIQUE MONDIALE<\/p>\n<\/h1>\n<h2>CONTACT DIRECT:<\/h2>\n<div>Tel. (+39) <strong>328 2033858 <\/strong><\/div>\n<div>E-mail : info@orangeco.it<\/div>\n<div>\n<p>Pouvoir compter sur l\u2019assistance technique mondiale d\u2019Orange Evp Italia veut dire devenir plus qu\u2019un simple client : cela signifie devenir partenaire dans les d\u00e9fis strat\u00e9giques d\u00e9coulant de l\u2019\u00e9volution du march\u00e9.<\/p>\n<\/div>\n<h1>SERVICES<\/h1>\n<div>\n<p>Gr\u00e2ce au programme d\u2019assistance technique sur place, les techniciens sp\u00e9cialis\u00e9s d\u2019Orange Evp Italia peuvent intervenir aupr\u00e8s de votre installation tr\u00e8s rapidement, ce qui permet d\u2019\u00e9viter des arr\u00eats longs et co\u00fbteux de la production.<\/p>\n<p>L\u2019assistance technique globale d\u2019Orange Evp Italia vous offrira plusieurs avantages allant de la conception et de la mise en service de l\u2019installation au service de pi\u00e8ces de rechange originales sur place.<\/p>\n<p>Nous proposons, avec la plus grande professionnalit\u00e9, des forfaits con\u00e7us sur mesure pour r\u00e9pondre \u00e0 vos exigences en mati\u00e8re d\u2019assistance technique et d\u2019entretien des installations.<\/p>\n<\/div>\n<p><img decoding=\"async\" src=\"\/wp-content\/uploads\/2023\/01\/shutterstock_1828037033.jpg\" alt=\"\"><\/p>\n<h1><strong>MISE EN SERVICE<\/strong><\/h1>\n<div>\n<p>Des techniciens experts sont \u00e0 votre disposition \u00e0 toutes les phases de la mise en service de l\u2019installation.<\/p>\n<p>L\u2019assistance commence par l\u2019installation de machines et continue par l\u2019int\u00e9gration de robots et de dispositifs d\u2019automatisation industrielle dans les \u00e9quipements afin d\u2019arriver jusqu\u2019\u00e0 la mise en service et \u00e0 la formation du personnel sur place.<\/p>\n<\/div>\n<h1>ENTRETIEN ET R\u00c9PARATION<\/h1>\n<div>\n<p style=\"text-align: center;\">Avec les forfaits d\u2019assistance technique et d\u2019entretien des installations, vous pouvez b\u00e9n\u00e9ficier de plusieurs avantages :<\/p>\n<\/div>\n<ul>\n<li>\n<div>\n<p>Productivit\u00e9 optimis\u00e9e et fiable du syst\u00e8me<\/p>\n<\/div>\n<\/li>\n<li>\n<div>\n<p>Pr\u00e9vention des arr\u00eats non programm\u00e9s de production de l\u2019installation<\/p>\n<\/div>\n<\/li>\n<li>\n<div>\n<p>Concentration sur les activit\u00e9s de base : charge optimale et planifiable de travail du personnel interne de service avec plus de flexibilit\u00e9<\/p>\n<\/div>\n<\/li>\n<li>\n<div>\n<p>Documentation compl\u00e8te du travail d\u2019entretien pr\u00e9ventif conform\u00e9ment aux pr\u00e9-r\u00e9quisits pour des audits de qualit\u00e9<\/p>\n<\/div>\n<\/li>\n<\/ul>\n<p><img decoding=\"async\" src=\"\/wp-content\/uploads\/2023\/01\/shutterstock_1944688039.jpg\" alt=\"\"><\/p>\n<h1>\n<p><strong>PI\u00c8CES DE RECHANGE ORIGINALES<\/strong><\/p>\n<\/h1>\n<div>\n<p style=\"text-align: center;\">Avec de nombreuses ann\u00e9es d\u2019exp\u00e9rience dans le domaine des services \u00e0 la client\u00e8le et du d\u00e9veloppement de nouvelles technologies, nous sommes fiers de pouvoir offrir des solutions uniques r\u00e9pondant aux exigences du client en ce qui concerne les pi\u00e8ces de rechange et les produits de consommation.<\/p>\n<p style=\"text-align: center;\">Les pi\u00e8ces de rechange originales, qui vont des composants m\u00e9caniques et \u00e9lectroniques aux consommables, sont essentiels pour garantir la fiabilit\u00e9 \u00e0 long terme, d\u2019excellentes prestations et la conservation des installations.<\/p>\n<p style=\"text-align: center;\">Ex\u00e9cut\u00e9es dans le m\u00eame atelier dans lequel les \u00e9quipements de l\u2019installation sont produites, les pi\u00e8ces de rechange originales sont conformes aux normes de qualit\u00e9 et aux certifications les plus restrictives.<\/p>\n<p style=\"text-align: center;\">Les avantages r\u00e9sultant du strict rapport entre le client et le producteur des appareillages originaux (OEM) sont nombreux :<\/p>\n<\/div>\n<ul>\n<li>\n<p>        <img decoding=\"async\" src=\"\/wp-content\/uploads\/2022\/10\/noun-high-quality-1599838-3.png\" alt=\"\"><\/p>\n<h3>Qualit\u00e9 maximale du produit<\/h3>\n<\/li>\n<li>\n<p>        <img decoding=\"async\" src=\"\/wp-content\/uploads\/2022\/10\/noun-tech-2935556-1.png\" alt=\"\"><\/p>\n<h3>Mise \u00e0 jour selon les nouvelles technologies <\/h3>\n<\/li>\n<li>\n<p>        <img decoding=\"async\" src=\"\/wp-content\/uploads\/2022\/10\/noun-certified-426739-1.png\" alt=\"\"><\/p>\n<h3>P\u00e9riodes \u00e9tendues de garantie<\/h3>\n<\/li>\n<li>\n<p>        <img decoding=\"async\" src=\"\/wp-content\/uploads\/2022\/10\/noun-euro-2328317-1.png\" alt=\"\"><\/p>\n<h3>Solutions rapides et co\u00fbts inf\u00e9rieurs<\/h3>\n<\/li>\n<li>\n<p>        <img decoding=\"async\" src=\"\/wp-content\/uploads\/2022\/10\/noun-business-contract-4732767.png\" alt=\"\"><\/p>\n<h3>Contrats de fourniture \u00e0 long terme<\/h3>\n<\/li>\n<\/ul>\n<div>\n<p>De plus, les parties consommables repr\u00e9sentent l\u2019un de vos investissements les plus importants, et c\u2019est pourquoi Orange Evp Italia fournit les meilleurs produits en termes de qualit\u00e9, de prestations et de dur\u00e9e dans le temps.<\/p>\n<\/div>\n<h1>\n<p>CONTACTS<\/p>\n<\/h1>\n<div>\n<p>Orange Evp Italia srl <br \/>Via Milano,1<br \/>24040 Boltiere (BG)\nItalie<\/p>\n<p><strong>T\u00e9l.<\/strong>\u00a0(+39) 328 2033858<br \/>info@orangeco.it<br \/><span>www.orangeco.it <\/span><\/p>\n<\/div>\n<p>\n    <a href=\"https:\/\/orangeco.it\/fr\/contacts\/\">CONTACTEZ NOUS<\/a>\n<\/p>\n<p><!--more--><br \/>\n<!-- {\"type\":\"layout\",\"children\":[{\"name\":\"inizio\",\"type\":\"section\",\"props\":{\"style\":\"default\",\"width\":\"large\",\"vertical_align\":\"middle\",\"title_position\":\"top-left\",\"title_rotation\":\"left\",\"title_breakpoint\":\"xl\",\"image_position\":\"center-center\",\"height\":\"full\",\"padding\":\"large\",\"image\":\"wp-content\\\/uploads\\\/2022\\\/10\\\/cose-strane-1.png\",\"text_color\":\"light\",\"image_size\":\"cover\",\"image_width\":\"2560\",\"image_loading\":true,\"image_effect\":\"parallax\",\"sticky\":\"\",\"animation\":\"slide-left-medium\",\"animation_delay\":\"200\",\"image_parallax_easing\":\"1\",\"media_visibility\":\"m\"},\"children\":[{\"name\":\"\",\"type\":\"row\",\"children\":[{\"name\":\"\",\"type\":\"column\",\"props\":{\"image_position\":\"center-center\",\"width_medium\":\"1-1\",\"media_overlay_gradient\":\"\",\"position_sticky_breakpoint\":\"m\"},\"children\":[{\"name\":\"titolo pagina\",\"type\":\"headline\",\"props\":{\"title_element\":\"h1\",\"title_style\":\"heading-large\",\"text_align\":\"left\",\"content\":\"\n\n<p>ASSISTENZA TECNICA GLOBALE<\\\/p>\",\"title_color\":\"warning\",\"margin\":\"small\",\"maxwidth\":\"xlarge\",\"css\":\"@media (min-width: 0px) and (max-width: 640px) {\\n    .el-element { \\n        font-size: 40px;\\n    }\\n}\\n@media (min-width: 641px) and (max-width: 960px) {\\n    .el-element { \\n        font-size: 64,6px;\\n    }\\n}\\n\"}},{\"type\":\"headline\",\"props\":{\"title_element\":\"h2\",\"content\":\"CONTATTO DIRETTO:\",\"title_color\":\"secondary\",\"title_style\":\"h2\",\"text_align\":\"left\",\"margin\":\"small\",\"css\":\"@media (min-width: 0px) and (max-width: 640px) {\\n    .el-element { \\n        font-size: 25px;\\n    }\\n}\\n@media (min-width: 641px) and (max-width: 960px) {\\n    .el-element { \\n        font-size: 43,2px;\\n    }\\n}\\n\"}},{\"type\":\"headline\",\"props\":{\"title_element\":\"div\",\"content\":\"Tel. (+39) <strong>328 2033858 <\\\/strong>\",\"title_color\":\"secondary\",\"title_style\":\"h2\",\"text_align\":\"left\",\"margin\":\"small\",\"css\":\"@media (min-width: 0px) and (max-width: 640px) {\\n    .el-element { \\n        font-size: 25px;\\n    }\\n}\\n@media (min-width: 641px) and (max-width: 960px) {\\n    .el-element { \\n        font-size: 43,2px;\\n    }\\n}\\n\"}},{\"type\":\"headline\",\"props\":{\"title_element\":\"div\",\"content\":\"Mail: info@orangeco.it\",\"title_color\":\"secondary\",\"title_style\":\"h2\",\"text_align\":\"left\",\"margin\":\"small\",\"css\":\"@media (min-width: 0px) and (max-width: 640px) {\\n    .el-element { \\n        font-size: 25px;\\n    }\\n}\\n@media (min-width: 641px) and (max-width: 960px) {\\n    .el-element { \\n        font-size: 43,2px;\\n    }\\n}\\n\"}},{\"type\":\"text\",\"props\":{\"margin\":\"default\",\"column_breakpoint\":\"m\",\"content\":\"\n\n<p>Poter contare sull'assistenza tecnica globale di Orange Evp Italia significa diventare pi\\u00f9 di un semplice cliente: significa diventare un partner nelle sfide strategiche presentate dall'evoluzione del mercato.<\\\/p>\",\"text_color\":\"muted\",\"maxwidth\":\"xlarge\",\"margin_remove_top\":true,\"text_align\":\"left\",\"text_style\":\"lead\"}}]}],\"props\":{\"margin\":\"xlarge\",\"margin_remove_top\":false}}]},{\"type\":\"section\",\"props\":{\"style\":\"secondary\",\"width\":\"large\",\"vertical_align\":\"middle\",\"title_position\":\"top-left\",\"title_rotation\":\"left\",\"title_breakpoint\":\"xl\",\"image_position\":\"center-center\",\"animation\":\"slide-top-medium\",\"animation_delay\":\"150\",\"padding_remove_top\":true},\"children\":[{\"type\":\"row\",\"children\":[{\"type\":\"column\",\"props\":{\"position_sticky_breakpoint\":\"m\",\"image_position\":\"center-center\",\"media_overlay_gradient\":\"\",\"style\":\"secondary\",\"preserve_color\":false,\"vertical_align\":\"middle\",\"position_sticky\":\"\",\"width_medium\":\"1-3\"},\"children\":[]},{\"type\":\"column\",\"props\":{\"position_sticky_breakpoint\":\"m\",\"image_position\":\"center-center\",\"media_overlay_gradient\":\"\",\"width_medium\":\"2-3\"},\"children\":[]}],\"props\":{\"margin\":\"small\",\"layout\":\"1-3,2-3\"}},{\"type\":\"row\",\"props\":{\"layout\":\"1-3,2-3\",\"margin_remove_top\":true},\"children\":[{\"type\":\"column\",\"props\":{\"position_sticky_breakpoint\":\"m\",\"image_position\":\"center-center\",\"media_overlay_gradient\":\"\",\"width_medium\":\"1-3\"},\"children\":[{\"type\":\"headline\",\"props\":{\"title_element\":\"h1\",\"content\":\"SERVIZI\",\"text_align\":\"left\",\"title_style\":\"heading-small\",\"margin\":\"medium\",\"position_left\":\"-40\",\"position_top\":\"50\",\"css\":\"@media (min-width: 0px) and (max-width: 640px) {\\n    .el-element { \\n        font-size: 35px;\\n    }\\n}\\n@media (min-width: 641px) and (max-width: 960px) {\\n    .el-element { \\n        font-size: 43,2px;\\n    }\\n}\\n\"}},{\"type\":\"text\",\"props\":{\"margin\":\"default\",\"column_breakpoint\":\"m\",\"content\":\"\n\n<p>Grazie al programma di assistenza tecnica in loco, i tecnici specializzati di Orange Evp Italia\\u00a0 possono intervenire presso il vostro impianto molto rapidamente, ci\\u00f2 consente di evitare fermi di produzione lunghi e costosi.<\\\/p>\\n\n\n<p>Approfittando dell\\u2019assistenza tecnica globale di Orange Evp Italia, potrete usufruire di molteplici benefici: dalla progettazione e messa in moto dell\\u2019impianto , al servizio di ricambi originali in loco.<\\\/p>\\n\n\n<p>Con la massima professionalit\\u00e0, proponiamo pacchetti di assistenza tecnica e manutenzione degli impianti su misura per le vostre esigenze.<\\\/p>\",\"text_color\":\"muted\",\"text_style\":\"lead\",\"maxwidth\":\"2xlarge\",\"text_align\":\"justify\"}}]},{\"type\":\"column\",\"props\":{\"position_sticky_breakpoint\":\"m\",\"image_position\":\"center-center\",\"media_overlay_gradient\":\"\",\"width_medium\":\"2-3\"},\"children\":[{\"type\":\"image\",\"props\":{\"margin\":\"default\",\"image_svg_color\":\"emphasis\",\"image\":\"wp-content\\\/uploads\\\/2023\\\/01\\\/shutterstock_1828037033.jpg\"}}]}]}],\"name\":\"LISTA\"},{\"name\":\"SFONDO\",\"type\":\"section\",\"props\":{\"style\":\"default\",\"width\":\"large\",\"vertical_align\":\"middle\",\"title_position\":\"top-left\",\"title_rotation\":\"left\",\"title_breakpoint\":\"xl\",\"image_position\":\"center-center\",\"height\":\"full\",\"padding\":\"large\",\"image\":\"wp-content\\\/uploads\\\/2022\\\/10\\\/metallo-liquido-RIFLESSO.png\",\"text_color\":\"light\",\"image_size\":\"cover\",\"image_width\":\"2560\",\"image_loading\":true,\"image_effect\":\"parallax\",\"sticky\":\"\",\"animation\":\"slide-left-medium\",\"animation_delay\":\"200\",\"image_parallax_easing\":\"1\",\"media_visibility\":\"m\"},\"children\":[{\"name\":\"\",\"type\":\"row\",\"children\":[{\"name\":\"\",\"type\":\"column\",\"props\":{\"image_position\":\"center-center\",\"width_medium\":\"1-2\",\"media_overlay_gradient\":\"\",\"position_sticky_breakpoint\":\"m\"},\"children\":[]},{\"type\":\"column\",\"props\":{\"position_sticky_breakpoint\":\"m\",\"image_position\":\"center-center\",\"media_overlay_gradient\":\"\",\"width_medium\":\"1-2\"},\"children\":[{\"name\":\"\",\"type\":\"headline\",\"props\":{\"title_element\":\"h1\",\"title_style\":\"heading-small\",\"text_align\":\"right\",\"content\":\"<strong>MESSA IN MOTO<\\\/strong>\",\"title_color\":\"secondary\",\"margin\":\"small\",\"maxwidth\":\"2xlarge\",\"block_align\":\"right\",\"css\":\"@media (min-width: 0px) and (max-width: 640px) {\\n    .el-element { \\n        font-size: 35px;\\n    }\\n}\\n@media (min-width: 641px) and (max-width: 960px) {\\n    .el-element { \\n        font-size: 43,2px;\\n    }\\n}\\n\"}},{\"type\":\"text\",\"props\":{\"margin\":\"default\",\"column_breakpoint\":\"m\",\"content\":\"\n\n<p>Tecnici esperti sono a vostra disposizione in tutte le fasi della messa in moto dell\\u2019impianto.<\\\/p>\\n\n\n<p>L\\u2019assistenza inizia con l'installazione dei macchinari e continua con l'integrazione di robot e automazione industriale nell\\u2019impianto, per arrivare fino alla messa in moto e alla formazione dei dipendenti in loco.<\\\/p>\",\"text_color\":\"muted\",\"maxwidth\":\"large\",\"margin_remove_top\":true,\"block_align\":\"right\",\"text_align\":\"right\",\"text_style\":\"lead\"}}]}],\"props\":{\"margin\":\"xlarge\",\"margin_remove_top\":false,\"layout\":\"1-2,1-2\"}}]},{\"type\":\"section\",\"props\":{\"style\":\"secondary\",\"width\":\"large\",\"vertical_align\":\"middle\",\"title_position\":\"top-left\",\"title_rotation\":\"left\",\"title_breakpoint\":\"xl\",\"image_position\":\"center-center\",\"animation\":\"slide-top-medium\",\"animation_delay\":\"150\",\"padding_remove_bottom\":true},\"children\":[{\"type\":\"row\",\"children\":[{\"type\":\"column\",\"props\":{\"position_sticky_breakpoint\":\"m\",\"image_position\":\"center-center\",\"media_overlay_gradient\":\"\",\"style\":\"secondary\",\"preserve_color\":false,\"position_sticky\":\"\",\"width_medium\":\"\"},\"children\":[{\"type\":\"headline\",\"props\":{\"title_element\":\"h1\",\"content\":\"MANUTENZIONE E RIPARAZIONE\",\"text_align\":\"center\",\"title_style\":\"heading-small\",\"margin\":\"small\",\"position_left\":\"-40\",\"position_top\":\"50\",\"css\":\"@media (min-width: 0px) and (max-width: 640px) {\\n    .el-element { \\n        font-size: 35px;\\n    }\\n}\\n@media (min-width: 641px) and (max-width: 960px) {\\n    .el-element { \\n        font-size: 43,2px;\\n    }\\n}\\n\"}},{\"type\":\"text\",\"props\":{\"margin\":\"default\",\"column_breakpoint\":\"m\",\"content\":\"\n\n<p style=\\\"text-align: center;\\\">Con i pacchetti di assistenza tecnica e manutenzione degli impianti, puoi beneficiare di molteplici vantaggi:<\\\/p>\",\"text_color\":\"muted\",\"margin_remove_top\":true,\"text_align\":\"center\",\"text_style\":\"lead\"}}]}],\"props\":{\"margin\":\"small\",\"margin_remove_bottom\":true}},{\"type\":\"row\",\"props\":{\"layout\":\"1-2,1-2\"},\"children\":[{\"type\":\"column\",\"props\":{\"position_sticky_breakpoint\":\"m\",\"image_position\":\"center-center\",\"media_overlay_gradient\":\"\",\"width_medium\":\"1-2\"},\"children\":[{\"type\":\"list\",\"props\":{\"show_image\":true,\"show_link\":true,\"list_type\":\"vertical\",\"list_element\":\"ul\",\"list_horizontal_separator\":\", \",\"column_breakpoint\":\"m\",\"image_svg_color\":\"emphasis\",\"image_align\":\"left\",\"image_vertical_align\":true,\"list_style\":\"striped\",\"list_marker\":\"disc\",\"list_size\":\"large\",\"margin_remove_bottom\":true},\"children\":[{\"type\":\"list_item\",\"props\":{\"content\":\"\n\n<p>Produttivit\\u00e0 del sistema ottimizzata e affidabile<\\\/p>\"}},{\"type\":\"list_item\",\"props\":{\"content\":\"\n\n<p>Prevenzione di fermi di produzione dell\\u2019impianto non programmati<\\\/p>\"}},{\"type\":\"list_item\",\"props\":{\"content\":\"\n\n<p>Concentrazione sul core business: carico di lavoro ottimale e pianificabile del personale di servizio interno con maggiore flessibilit\\u00e0<\\\/p>\"}},{\"type\":\"list_item\",\"props\":{\"content\":\"\n\n<p>Documentazione completa del lavoro di manutenzione preventiva come prerequisito per gli audit di qualit\\u00e0<\\\/p>\"}}]}]},{\"type\":\"column\",\"props\":{\"position_sticky_breakpoint\":\"m\",\"image_position\":\"center-center\",\"media_overlay_gradient\":\"\",\"width_medium\":\"1-2\"},\"children\":[{\"type\":\"image\",\"props\":{\"margin\":\"default\",\"image_svg_color\":\"emphasis\",\"image\":\"wp-content\\\/uploads\\\/2023\\\/01\\\/shutterstock_1944688039.jpg\"}}]}]}],\"name\":\"LISTA\"},{\"type\":\"section\",\"props\":{\"style\":\"secondary\",\"width\":\"large\",\"vertical_align\":\"middle\",\"title_position\":\"top-left\",\"title_rotation\":\"left\",\"title_breakpoint\":\"xl\",\"image_position\":\"center-center\",\"animation\":\"slide-top-medium\",\"animation_delay\":\"150\",\"padding_remove_bottom\":false,\"padding_remove_top\":true},\"children\":[{\"type\":\"row\",\"children\":[{\"type\":\"column\",\"props\":{\"position_sticky_breakpoint\":\"m\",\"image_position\":\"center-center\",\"media_overlay_gradient\":\"\",\"style\":\"secondary\",\"preserve_color\":false,\"position_sticky\":\"\",\"width_medium\":\"\"},\"children\":[{\"type\":\"headline\",\"props\":{\"title_element\":\"h1\",\"content\":\"\n\n<p><strong>RICAMBI ORIGINALI<\\\/strong><\\\/p>\",\"text_align\":\"center\",\"title_style\":\"heading-small\",\"margin\":\"small\",\"position_left\":\"-40\",\"position_top\":\"50\",\"css\":\"@media (min-width: 0px) and (max-width: 640px) {\\n    .el-element { \\n        font-size: 35px;\\n    }\\n}\\n@media (min-width: 641px) and (max-width: 960px) {\\n    .el-element { \\n        font-size: 43,2px;\\n    }\\n}\\n\"}},{\"type\":\"text\",\"props\":{\"margin\":\"large\",\"column_breakpoint\":\"m\",\"content\":\"\n\n<p style=\\\"text-align: center;\\\">Con molti anni di esperienza nel servizio clienti e nello sviluppo di nuove tecnologie, siamo orgogliosi di poter offrire soluzioni uniche, in conformit\\u00e0 con le esigenze del cliente, per quanto concerne i pezzi di ricambio ed i prodotti di consumo.<\\\/p>\\n\n\n<p style=\\\"text-align: center;\\\">I ricambi originali, che vanno dai componenti meccanici ed elettronici ai consumabili, sono essenziali per garantire affidabilit\\u00e0 a lungo termine, alte prestazioni e conservazione degli impianti.<\\\/p>\\n\n\n<p style=\\\"text-align: center;\\\">Eseguiti nella stessa officina in cui vengono prodotte le attrezzature dell'impianto, i ricambi originali soddisfano gli standard di qualit\\u00e0 e le certificazioni pi\\u00f9 restrittive.<\\\/p>\\n\n\n<p style=\\\"text-align: center;\\\">Molti sono i vantaggi che derivano dallo stretto rapporto tra il cliente ed il produttore di apparecchiature originali (OEM), tra cui:<\\\/p>\",\"text_color\":\"muted\",\"margin_remove_top\":true,\"text_align\":\"center\",\"text_style\":\"lead\"}},{\"type\":\"grid\",\"props\":{\"show_title\":true,\"show_meta\":true,\"show_content\":true,\"show_image\":true,\"show_link\":true,\"grid_default\":\"1\",\"grid_medium\":\"2\",\"filter_style\":\"tab\",\"filter_all\":true,\"filter_position\":\"top\",\"filter_align\":\"left\",\"filter_grid_width\":\"auto\",\"filter_grid_breakpoint\":\"m\",\"title_hover_style\":\"reset\",\"title_element\":\"h3\",\"title_align\":\"top\",\"title_grid_width\":\"1-2\",\"title_grid_breakpoint\":\"m\",\"meta_style\":\"text-meta\",\"meta_align\":\"below-title\",\"meta_element\":\"div\",\"content_column_breakpoint\":\"m\",\"icon_width\":\"70\",\"image_align\":\"top\",\"image_grid_width\":\"1-2\",\"image_grid_breakpoint\":\"m\",\"image_svg_color\":\"emphasis\",\"link_text\":\"Read more\",\"link_style\":\"default\",\"margin\":\"default\",\"item_animation\":true,\"text_align\":\"center\",\"grid_column_gap\":\"large\",\"image_height\":\"150\",\"title_color\":\"warning\",\"grid_column_align\":true,\"parallax_easing\":\"1\",\"grid_large\":\"3\",\"grid_small\":\"2\"},\"children\":[{\"type\":\"grid_item\",\"props\":{\"title\":\"Massima qualit\\u00e0 del prodotto\",\"image\":\"wp-content\\\/uploads\\\/2022\\\/10\\\/noun-high-quality-1599838-3.png\"}},{\"type\":\"grid_item\",\"props\":{\"title\":\"Aggiornamento alle nuove tecnologie \",\"image\":\"wp-content\\\/uploads\\\/2022\\\/10\\\/noun-tech-2935556-1.png\"}},{\"type\":\"grid_item\",\"props\":{\"title\":\"Periodi di garanzia estesi\",\"image\":\"wp-content\\\/uploads\\\/2022\\\/10\\\/noun-certified-426739-1.png\"}},{\"type\":\"grid_item\",\"props\":{\"title\":\"Soluzioni rapide e costi inferiori\",\"image\":\"wp-content\\\/uploads\\\/2022\\\/10\\\/noun-euro-2328317-1.png\"}},{\"type\":\"grid_item\",\"props\":{\"title\":\"Contratti di fornitura a lungo termine\",\"image\":\"wp-content\\\/uploads\\\/2022\\\/10\\\/noun-business-contract-4732767.png\"}}]},{\"type\":\"text\",\"props\":{\"margin\":\"medium\",\"column_breakpoint\":\"m\",\"content\":\"\n\n<p>Inoltre, le parti consumabili rappresentano uno dei vostri pi\\u00f9 importanti investimenti, per questo Orange Evp Italia srl fornisce i migliori prodotti in termini di qualit\\u00e0, prestazioni e durata nel tempo.<\\\/p>\",\"text_color\":\"muted\",\"margin_remove_top\":false,\"text_align\":\"center\",\"text_style\":\"lead\",\"maxwidth\":\"2xlarge\",\"block_align\":\"center\"}}]}],\"props\":{\"margin\":\"small\",\"margin_remove_top\":true}}],\"name\":\"LISTA\"},{\"name\":\"contatti\",\"type\":\"section\",\"props\":{\"style\":\"default\",\"width\":\"large\",\"vertical_align\":\"middle\",\"title_position\":\"top-left\",\"title_rotation\":\"left\",\"title_breakpoint\":\"xl\",\"image_position\":\"bottom-right\",\"height\":\"full\",\"padding\":\"large\",\"image\":\"wp-content\\\/uploads\\\/2022\\\/10\\\/FINE-SINISTRA.png\",\"text_color\":\"light\",\"image_size\":\"cover\",\"image_width\":\"2560\",\"image_loading\":true,\"image_effect\":\"parallax\",\"sticky\":\"\",\"animation\":\"slide-left-medium\",\"animation_delay\":\"200\",\"image_parallax_easing\":\"1\"},\"children\":[{\"name\":\"\",\"type\":\"row\",\"children\":[{\"name\":\"\",\"type\":\"column\",\"props\":{\"image_position\":\"center-center\",\"width_medium\":\"1-2\",\"media_overlay_gradient\":\"\",\"position_sticky_breakpoint\":\"m\"},\"children\":[]},{\"type\":\"column\",\"props\":{\"position_sticky_breakpoint\":\"m\",\"image_position\":\"center-center\",\"media_overlay_gradient\":\"\",\"width_medium\":\"1-2\"},\"children\":[{\"name\":\"\",\"type\":\"headline\",\"props\":{\"title_element\":\"h1\",\"title_style\":\"heading-small\",\"text_align\":\"right\",\"content\":\"\n\n<p>CONTATTI<\\\/p>\",\"title_color\":\"secondary\",\"margin\":\"small\",\"maxwidth\":\"2xlarge\",\"block_align\":\"right\",\"css\":\"@media (min-width: 0px) and (max-width: 640px) {\\n    .el-element { \\n        font-size: 35px;\\n    }\\n}\\n@media (min-width: 641px) and (max-width: 960px) {\\n    .el-element { \\n        font-size: 43,2px;\\n    }\\n}\\n\"}},{\"type\":\"text\",\"props\":{\"margin\":\"default\",\"column_breakpoint\":\"m\",\"content\":\"\n\n<p>Orange Evp Italia srl <br \\\/>Via Milano,1<br \\\/>24040 Boltiere (BG) Italia<\\\/p>\\n\n\n<p><strong>Tel.<\\\/strong>\\u00a0(+39) 328 2033858<br \\\/>info@orangeco.it<br \\\/><span>www.orangeco.it <\\\/span><\\\/p>\",\"text_color\":\"muted\",\"maxwidth\":\"xlarge\",\"margin_remove_top\":true,\"text_align\":\"right\",\"text_style\":\"lead\",\"block_align\":\"right\"}},{\"type\":\"button\",\"props\":{\"grid_column_gap\":\"small\",\"grid_row_gap\":\"small\",\"margin\":\"default\",\"text_align\":\"right\"},\"children\":[{\"type\":\"button_item\",\"props\":{\"button_style\":\"primary\",\"icon_align\":\"left\",\"content\":\"CONTATTACI\",\"link\":\"contatti\\\/\"}}]}]}],\"props\":{\"margin\":\"xlarge\",\"margin_remove_top\":false,\"layout\":\"1-2,1-2\"}}]}],\"version\":\"3.0.6\"} --><\/p>","protected":false},"excerpt":{"rendered":"<p>ASSISTENZA TECNICA GLOBALE CONTATTO DIRETTO: Tel. (+39) 328 2033858 Mail: info@orangeco.it Poter contare sull&#8217;assistenza tecnica globale di Orange Evp Italia significa diventare pi\u00f9 di un semplice cliente: significa diventare un partner nelle sfide strategiche presentate dall&#8217;evoluzione del mercato. SERVIZI Grazie al programma di assistenza tecnica in loco, i tecnici specializzati di Orange Evp Italia\u00a0 possono [&hellip;]<\/p>","protected":false},"author":1,"featured_media":0,"parent":1120,"menu_order":0,"comment_status":"closed","ping_status":"closed","template":"","meta":{"footnotes":""},"class_list":["post-1129","page","type-page","status-publish","hentry"],"acf":[],"_links":{"self":[{"href":"https:\/\/orangeco.it\/fr\/wp-json\/wp\/v2\/pages\/1129","targetHints":{"allow":["GET"]}}],"collection":[{"href":"https:\/\/orangeco.it\/fr\/wp-json\/wp\/v2\/pages"}],"about":[{"href":"https:\/\/orangeco.it\/fr\/wp-json\/wp\/v2\/types\/page"}],"author":[{"embeddable":true,"href":"https:\/\/orangeco.it\/fr\/wp-json\/wp\/v2\/users\/1"}],"replies":[{"embeddable":true,"href":"https:\/\/orangeco.it\/fr\/wp-json\/wp\/v2\/comments?post=1129"}],"version-history":[{"count":55,"href":"https:\/\/orangeco.it\/fr\/wp-json\/wp\/v2\/pages\/1129\/revisions"}],"predecessor-version":[{"id":2806,"href":"https:\/\/orangeco.it\/fr\/wp-json\/wp\/v2\/pages\/1129\/revisions\/2806"}],"up":[{"embeddable":true,"href":"https:\/\/orangeco.it\/fr\/wp-json\/wp\/v2\/pages\/1120"}],"wp:attachment":[{"href":"https:\/\/orangeco.it\/fr\/wp-json\/wp\/v2\/media?parent=1129"}],"curies":[{"name":"wp","href":"https:\/\/api.w.org\/{rel}","templated":true}]}}