{"id":1122,"date":"2022-09-29T07:33:47","date_gmt":"2022-09-29T07:33:47","guid":{"rendered":"https:\/\/orangeco.it\/?page_id=1122"},"modified":"2023-05-17T12:43:56","modified_gmt":"2023-05-17T10:43:56","slug":"acciaio","status":"publish","type":"page","link":"https:\/\/orangeco.it\/fr\/acier\/","title":{"rendered":"Acier"},"content":{"rendered":"<h1>ACIER<\/h1>\n<h2 class=\" translation-block\">FONDERIES<BR> CL\u00c9 EN MAIN<\/h2>\n<div>\n<p>Orange Evp Italia con\u00e7oit et fabrique des machines pour fonderie r\u00e9alis\u00e9es avec des mat\u00e9riaux et des technologies adapt\u00e9es aux exigences sp\u00e9cifiques du secteur industriel, fiables, r\u00e9sistantes et pr\u00e9sentant d\u2019excellentes performances. \n\nNous proposons un service complet et personnalis\u00e9 qui commence d\u00e8s la conception, la r\u00e9alisation, le montage et la mise au point des machines et des \u00e9quipements.<\/p>\n<\/div>\n<p>\n    <a href=\"https:\/\/orangeco.it\/fr\/acier\/fonderies-cle-en-main\/\">LIRE PLUS<\/a>\n<\/p>\n<p><img decoding=\"async\" src=\"\/wp-content\/uploads\/2023\/01\/shutterstock_1809410350.jpg\" alt=\"\"><\/p>\n<h1 class=\" translation-block\">FOURS \u00c0 ARC \u00c9LECTRIQUE<\/h1>\n<div>\n<p>Les fours \u00e0 arc \u00e9lectrique (Electric Arc Furnace - EAF) sont utilis\u00e9s en m\u00e9tallurgie pour la production de l'acier \u00e0 partir de d\u00e9chets et pour la production de silicium monocristallin \u00e0 partir de min\u00e9raux \u00e0 base de silicium.\nUtilis\u00e9s pour le recyclage des d\u00e9chets de fer ou de l'acier inoxydable (inox), les fours \u00e0 arc sont \u00e9galement utilis\u00e9s pour la fusion de mat\u00e9riel pr\u00e9-r\u00e9duit par min\u00e9ral, ou de briquettes de fonte lorsque la disponibilit\u00e9 de d\u00e9chets est insuffisante ou \u00e9conomiquement d\u00e9savantageuse.\nLe d\u00e9chet est fondu \u00e0 travers un arc \u00e9lectrique qui s\u2019\u00e9lance \u00e0 partir de trois \u00e9lectrodes cylindriques consommables en graphite entrant \u00e0 l\u2019int\u00e9rieur du creuset du four \u00e0 travers la vo\u00fbte.<\/p>\n<\/div>\n<p>\n    <a href=\"https:\/\/orangeco.it\/fr\/acier\/fours-a-arc-electrique\/\">LIRE PLUS<\/a>\n<\/p>\n<h1>CHARPENTERIE M\u00c9TALLIQUE LOURDE<\/h1>\n<div>\n<p style=\"text-align: center;\">Orange Evp Italia, sp\u00e9cialiste de la charpenterie m\u00e9tallique pesante offre des services de conception, de conseil et de personnalisation pour la r\u00e9alisation d\u2019installations et de machines \nindustrielles ad hoc.<\/p>\n<\/div>\n<ul>\n<li>\n<p>        <img decoding=\"async\" src=\"\/wp-content\/uploads\/2023\/01\/shutterstock_1935734566.jpg\" alt=\"\"><\/p>\n<div>COUPE LASER<\/div>\n<\/li>\n<li>\n<p>        <img decoding=\"async\" src=\"\/wp-content\/uploads\/2023\/01\/shutterstock_318330188-scaled.jpg\" alt=\"\"><\/p>\n<div>OXYCOUPAGE<\/div>\n<\/li>\n<li>\n<p>        <img decoding=\"async\" src=\"\/wp-content\/uploads\/2023\/01\/shutterstock_1247458345.jpg\" alt=\"\"><\/p>\n<div>OUVRAGES <br>SP\u00c9CIFIQUES<\/div>\n<\/li>\n<li>\n<p>        <img decoding=\"async\" src=\"\/wp-content\/uploads\/2023\/01\/shutterstock_1149485345.jpg\" alt=\"\"><\/p>\n<div>SOUDURE<\/div>\n<\/li>\n<\/ul>\n<p>\n    <a href=\"https:\/\/orangeco.it\/fr\/acier\/charpenterie-metallique-lourde\/\">LIRE PLUS<\/a>\n<\/p>\n<h1>CONTACTS<\/h1>\n<div>\n<p>Orange Evp Italia srl <br \/>Via Milano,1<br \/>24040 Boltiere (BG)\nItalie<\/p>\n<p><strong>T\u00e9l.<\/strong>\u00a0(+39) 328 2033858<br \/>info@orangeco.it<br \/><span>www.orangeco.it <\/span><\/p>\n<\/div>\n<p>\n    <a href=\"https:\/\/orangeco.it\/fr\/contacts\/\">CONTACTEZ NOUS<\/a>\n<\/p>\n<p><!--more--><br \/>\n<!-- {\"type\":\"layout\",\"children\":[{\"name\":\"inizio 2\",\"type\":\"section\",\"props\":{\"style\":\"default\",\"width\":\"large\",\"vertical_align\":\"middle\",\"title_position\":\"top-left\",\"title_rotation\":\"left\",\"title_breakpoint\":\"xl\",\"image_position\":\"center-center\",\"height\":\"full\",\"padding\":\"large\",\"image\":\"wp-content\\\/uploads\\\/2022\\\/10\\\/cose-strane-1.png\",\"text_color\":\"light\",\"image_size\":\"cover\",\"image_width\":\"2560\",\"image_loading\":true,\"image_effect\":\"parallax\",\"sticky\":\"\",\"animation\":\"slide-left-medium\",\"animation_delay\":\"200\",\"image_parallax_easing\":\"1\",\"media_visibility\":\"m\"},\"children\":[{\"type\":\"row\",\"props\":{\"margin\":\"xlarge\"},\"children\":[{\"type\":\"column\",\"props\":{\"position_sticky_breakpoint\":\"m\",\"image_position\":\"center-center\",\"media_overlay_gradient\":\"\"},\"children\":[{\"name\":\"\",\"type\":\"headline\",\"props\":{\"title_element\":\"h1\",\"title_style\":\"heading-2xlarge\",\"text_align\":\"left\",\"content\":\"ACCIAIO\",\"title_color\":\"warning\",\"margin\":\"small\",\"css\":\"@media (min-width: 0px) and (max-width: 640px) {\\n    .el-element { \\n        font-size: 60px;\\n    }\\n}\\n@media (min-width: 641px) and (max-width: 960px) {\\n    .el-element { \\n        font-size: 100px;\\n    }\\n}\\n\"}}]}]},{\"type\":\"row\",\"props\":{\"margin\":\"xlarge\"},\"children\":[{\"type\":\"column\",\"props\":{\"position_sticky_breakpoint\":\"m\",\"image_position\":\"center-center\",\"media_overlay_gradient\":\"\"},\"children\":[{\"type\":\"headline\",\"props\":{\"title_element\":\"h2\",\"content\":\"FONDERIE<br \\\/>CHIAVI IN MANO\",\"title_color\":\"secondary\",\"title_style\":\"heading-small\",\"text_align\":\"left\",\"margin\":\"small\",\"css\":\"@media (min-width: 0px) and (max-width: 640px) {\\n    .el-element { \\n        font-size: 35px;\\n    }\\n}\\n@media (min-width: 641px) and (max-width: 960px) {\\n    .el-element { \\n        font-size: 43,2px;\\n    }\\n}\\n\"}},{\"type\":\"text\",\"props\":{\"margin\":\"default\",\"column_breakpoint\":\"m\",\"content\":\"\n\n<p>Orange Evp Italia progetta e costruisce\\u00a0macchinari per fonderia realizzati con materiali e tecnologie idonei alle esigenze specifiche del settore industriale, affidabili, resistenti e dalle performance eccellenti. Proponiamo un servizio completo e personalizzato, che inizia con la\\u00a0progettazione,\\u00a0 realizzazione, montaggio e messa a punto\\u00a0dei macchinari e delle attrezzature.<\\\/p>\",\"text_color\":\"muted\",\"maxwidth\":\"xlarge\",\"margin_remove_top\":true,\"text_align\":\"left\",\"text_style\":\"lead\"}},{\"type\":\"button\",\"props\":{\"grid_column_gap\":\"small\",\"grid_row_gap\":\"small\",\"margin\":\"default\",\"text_align\":\"left\"},\"children\":[{\"type\":\"button_item\",\"props\":{\"button_style\":\"primary\",\"icon_align\":\"left\",\"content\":\"LEGGI TUTTO\",\"link\":\"acciaio\\\/fonderie-chiavi-in-mano\\\/\"}}]}]}]}]},{\"type\":\"section\",\"props\":{\"style\":\"secondary\",\"width\":\"default\",\"vertical_align\":\"middle\",\"title_position\":\"top-left\",\"title_rotation\":\"left\",\"title_breakpoint\":\"xl\",\"image_position\":\"center-center\"},\"children\":[{\"type\":\"row\",\"props\":{\"layout\":\"1-2,1-2\"},\"children\":[{\"type\":\"column\",\"props\":{\"position_sticky_breakpoint\":\"m\",\"image_position\":\"center-center\",\"media_overlay_gradient\":\"\",\"width_medium\":\"1-2\",\"vertical_align\":\"middle\"},\"children\":[{\"type\":\"image\",\"props\":{\"margin\":\"default\",\"image_svg_color\":\"emphasis\",\"image\":\"wp-content\\\/uploads\\\/2023\\\/01\\\/shutterstock_1809410350.jpg\"}}]},{\"type\":\"column\",\"props\":{\"position_sticky_breakpoint\":\"m\",\"image_position\":\"center-center\",\"media_overlay_gradient\":\"\",\"width_medium\":\"1-2\"},\"children\":[{\"name\":\"\",\"type\":\"headline\",\"props\":{\"title_element\":\"h1\",\"title_style\":\"heading-small\",\"text_align\":\"right\",\"content\":\"FORNI ELETTRICI<br \\\/>AD ARCO\",\"title_color\":\"secondary\",\"margin\":\"small\",\"maxwidth\":\"2xlarge\",\"block_align\":\"right\",\"css\":\"@media (min-width: 0px) and (max-width: 640px) {\\n    .el-element { \\n        font-size: 35px;\\n    }\\n}\\n@media (min-width: 641px) and (max-width: 960px) {\\n    .el-element { \\n        font-size: 43,2px;\\n    }\\n}\\n\"}},{\"type\":\"text\",\"props\":{\"margin\":\"default\",\"column_breakpoint\":\"m\",\"content\":\"\n\n<p>I forni elettrici ad arco (Electric Arc Furnace - EAF) sono utilizzati in\\u00a0metallurgia per la produzione dell'acciaio\\u00a0a partire dal rottame e per la produzione di\\u00a0silicio monocristallino dai minerali a base\\u00a0di silicio. Utilizzati per il riciclaggio del rottame di\\u00a0ferro\\u00a0o dell'acciaio inossidabile (Inox), i forni ad arco vengono usati anche per la fusione di materiale preridotto da minerale, o bricchette di ghisa, qualora la disponibilit\\u00e0 di rottame sia insufficiente o economicamente svantaggiosa. Il rottame viene fuso tramite un\\u00a0arco elettrico che viene scoccato da tre elettrodi cilindrici consumabili in\\u00a0grafite, che entrano all'interno del crogiolo del forno dalla volta.<\\\/p>\",\"text_color\":\"muted\",\"maxwidth\":\"2xlarge\",\"margin_remove_top\":true,\"block_align\":\"right\",\"text_align\":\"right\",\"text_style\":\"lead\"}},{\"type\":\"button\",\"props\":{\"grid_column_gap\":\"small\",\"grid_row_gap\":\"small\",\"margin\":\"default\",\"text_align\":\"right\"},\"children\":[{\"type\":\"button_item\",\"props\":{\"button_style\":\"primary\",\"icon_align\":\"left\",\"content\":\"LEGGI TUTTO\",\"link\":\"acciaio\\\/forni-elettrici-ad-arco\\\/\"}}]}]}]}]},{\"type\":\"section\",\"props\":{\"style\":\"secondary\",\"width\":\"default\",\"vertical_align\":\"middle\",\"title_position\":\"top-left\",\"title_rotation\":\"left\",\"title_breakpoint\":\"xl\",\"image_position\":\"center-center\"},\"children\":[{\"type\":\"row\",\"children\":[{\"type\":\"column\",\"props\":{\"position_sticky_breakpoint\":\"m\",\"image_position\":\"center-center\",\"media_overlay_gradient\":\"\"},\"children\":[{\"type\":\"headline\",\"props\":{\"title_element\":\"h1\",\"content\":\"CARPENTERIA METALLICA PESANTE\",\"text_align\":\"center\",\"margin\":\"small\",\"css\":\"@media (min-width: 0px) and (max-width: 640px) {\\n    .el-element { \\n        font-size: 35px;\\n    }\\n}\\n@media (min-width: 641px) and (max-width: 960px) {\\n    .el-element { \\n        font-size: 43,2px;\\n    }\\n}\\n\"}},{\"type\":\"text\",\"props\":{\"margin\":\"default\",\"column_breakpoint\":\"m\",\"content\":\"\n\n<p style=\\\"text-align: center;\\\">Orange Evp Italia, specialista nella carpenteria metallica pesante, offre servizi di progettazione, consulenza e customizzazione per la realizzazione di impianti e macchinari industriali ad hoc.<\\\/p>\",\"text_color\":\"muted\",\"maxwidth\":\"2xlarge\",\"margin_remove_top\":true,\"block_align\":\"center\",\"text_align\":\"left\",\"text_style\":\"lead\"}},{\"type\":\"gallery\",\"props\":{\"show_title\":true,\"show_meta\":true,\"show_content\":true,\"show_link\":true,\"show_hover_image\":true,\"grid_default\":\"1\",\"grid_medium\":\"2\",\"filter_style\":\"tab\",\"filter_all\":true,\"filter_position\":\"top\",\"filter_align\":\"left\",\"filter_grid_width\":\"auto\",\"filter_grid_breakpoint\":\"m\",\"overlay_mode\":\"cover\",\"overlay_hover\":false,\"overlay_style\":\"overlay-primary\",\"text_color\":\"light\",\"overlay_position\":\"center\",\"overlay_transition\":\"fade\",\"title_hover_style\":\"reset\",\"title_element\":\"div\",\"meta_style\":\"text-meta\",\"meta_align\":\"below-title\",\"meta_element\":\"div\",\"link_text\":\"Read more\",\"link_style\":\"default\",\"text_align\":\"center\",\"margin\":\"default\",\"item_animation\":true,\"grid_large\":\"2\",\"image_height\":\"500\",\"image_width\":\"700\",\"title_style\":\"h1\",\"grid_small\":\"2\",\"css\":\"@media (min-width: 0px) and (max-width: 640px) {\\n    .el-title { \\n        font-size: 30px;\\n    }\\n}\\n@media (min-width: 641px) and (max-width: 960px) {\\n    .el-title { \\n        font-size: 30px;\\n    }\\n}\"},\"children\":[{\"type\":\"gallery_item\",\"props\":{\"title\":\"TAGLIO LASER\",\"image\":\"wp-content\\\/uploads\\\/2023\\\/01\\\/shutterstock_1935734566.jpg\"}},{\"type\":\"gallery_item\",\"props\":{\"title\":\"OSSITAGLIO\",\"image\":\"wp-content\\\/uploads\\\/2023\\\/01\\\/shutterstock_318330188-scaled.jpg\"}},{\"type\":\"gallery_item\",\"props\":{\"title\":\"LAVORAZIONI MECCANICHE\",\"image\":\"wp-content\\\/uploads\\\/2023\\\/01\\\/shutterstock_1247458345.jpg\"}},{\"type\":\"gallery_item\",\"props\":{\"title\":\"SALDATURA\",\"image\":\"wp-content\\\/uploads\\\/2023\\\/01\\\/shutterstock_1149485345.jpg\"}}]},{\"type\":\"button\",\"props\":{\"grid_column_gap\":\"small\",\"grid_row_gap\":\"small\",\"margin\":\"default\",\"text_align\":\"center\"},\"children\":[{\"type\":\"button_item\",\"props\":{\"button_style\":\"primary\",\"icon_align\":\"left\",\"content\":\"LEGGI TUTTO\",\"link\":\"acciaio\\\/carpenteria-metallica-pesante\\\/\"}}]}]}]}],\"name\":\"SPECIFICHE\"},{\"name\":\"contatti\",\"type\":\"section\",\"props\":{\"style\":\"default\",\"width\":\"large\",\"vertical_align\":\"middle\",\"title_position\":\"top-left\",\"title_rotation\":\"left\",\"title_breakpoint\":\"xl\",\"image_position\":\"bottom-right\",\"height\":\"full\",\"padding\":\"large\",\"image\":\"wp-content\\\/uploads\\\/2022\\\/10\\\/shutterstock_1266244810.png\",\"text_color\":\"light\",\"image_size\":\"cover\",\"image_width\":\"2560\",\"image_loading\":true,\"image_effect\":\"parallax\",\"sticky\":\"\",\"animation\":\"slide-left-medium\",\"animation_delay\":\"200\",\"image_parallax_easing\":\"1\",\"media_visibility\":\"m\"},\"children\":[{\"name\":\"\",\"type\":\"row\",\"children\":[{\"name\":\"\",\"type\":\"column\",\"props\":{\"image_position\":\"center-center\",\"width_medium\":\"1-2\",\"media_overlay_gradient\":\"\",\"position_sticky_breakpoint\":\"m\"},\"children\":[{\"name\":\"\",\"type\":\"headline\",\"props\":{\"title_element\":\"h1\",\"title_style\":\"heading-small\",\"text_align\":\"left\",\"content\":\"CONTATTI\",\"title_color\":\"secondary\",\"margin\":\"small\",\"maxwidth\":\"2xlarge\",\"block_align\":\"right\",\"css\":\"@media (min-width: 0px) and (max-width: 640px) {\\n    .el-element { \\n        font-size: 35px;\\n    }\\n}\\n@media (min-width: 641px) and (max-width: 960px) {\\n    .el-element { \\n        font-size: 43,2px;\\n    }\\n}\\n\"}},{\"type\":\"text\",\"props\":{\"margin\":\"default\",\"column_breakpoint\":\"m\",\"content\":\"\n\n<p>Orange Evp Italia srl <br \\\/>Via Milano,1<br \\\/>24040 Boltiere (BG) Italia<\\\/p>\\n\n\n<p><strong>Tel.<\\\/strong>\\u00a0(+39) 328 2033858<br \\\/>info@orangeco.it<br \\\/><span>www.orangeco.it <\\\/span><\\\/p>\",\"text_color\":\"muted\",\"maxwidth\":\"xlarge\",\"margin_remove_top\":true,\"text_align\":\"left\",\"text_style\":\"lead\"}},{\"type\":\"button\",\"props\":{\"grid_column_gap\":\"small\",\"grid_row_gap\":\"small\",\"margin\":\"default\",\"text_align\":\"left\"},\"children\":[{\"type\":\"button_item\",\"props\":{\"button_style\":\"primary\",\"icon_align\":\"left\",\"content\":\"CONTATTACI\",\"link\":\"contatti\\\/\"}}]}]},{\"type\":\"column\",\"props\":{\"position_sticky_breakpoint\":\"m\",\"image_position\":\"center-center\",\"media_overlay_gradient\":\"\",\"width_medium\":\"1-2\"},\"children\":[]}],\"props\":{\"margin\":\"xlarge\",\"margin_remove_top\":false,\"layout\":\"1-2,1-2\"}}]}],\"version\":\"3.0.6\"} --><\/p>","protected":false},"excerpt":{"rendered":"<p>ACCIAIO FONDERIECHIAVI IN MANO Orange Evp Italia progetta e costruisce\u00a0macchinari per fonderia realizzati con materiali e tecnologie idonei alle esigenze specifiche del settore industriale, affidabili, resistenti e dalle performance eccellenti. Proponiamo un servizio completo e personalizzato, che inizia con la\u00a0progettazione,\u00a0 realizzazione, montaggio e messa a punto\u00a0dei macchinari e delle attrezzature. LEGGI TUTTO FORNI ELETTRICIAD ARCO [&hellip;]<\/p>","protected":false},"author":1,"featured_media":0,"parent":0,"menu_order":0,"comment_status":"closed","ping_status":"closed","template":"","meta":{"footnotes":""},"class_list":["post-1122","page","type-page","status-publish","hentry"],"acf":[],"_links":{"self":[{"href":"https:\/\/orangeco.it\/fr\/wp-json\/wp\/v2\/pages\/1122","targetHints":{"allow":["GET"]}}],"collection":[{"href":"https:\/\/orangeco.it\/fr\/wp-json\/wp\/v2\/pages"}],"about":[{"href":"https:\/\/orangeco.it\/fr\/wp-json\/wp\/v2\/types\/page"}],"author":[{"embeddable":true,"href":"https:\/\/orangeco.it\/fr\/wp-json\/wp\/v2\/users\/1"}],"replies":[{"embeddable":true,"href":"https:\/\/orangeco.it\/fr\/wp-json\/wp\/v2\/comments?post=1122"}],"version-history":[{"count":44,"href":"https:\/\/orangeco.it\/fr\/wp-json\/wp\/v2\/pages\/1122\/revisions"}],"predecessor-version":[{"id":2816,"href":"https:\/\/orangeco.it\/fr\/wp-json\/wp\/v2\/pages\/1122\/revisions\/2816"}],"wp:attachment":[{"href":"https:\/\/orangeco.it\/fr\/wp-json\/wp\/v2\/media?parent=1122"}],"curies":[{"name":"wp","href":"https:\/\/api.w.org\/{rel}","templated":true}]}}