{"id":1,"date":"2019-09-10T12:09:19","date_gmt":"2019-09-10T12:09:19","guid":{"rendered":"https:\/\/orangeco.it\/?p=1"},"modified":"2023-05-18T12:35:30","modified_gmt":"2023-05-18T10:35:30","slug":"home","status":"publish","type":"page","link":"https:\/\/orangeco.it\/fr\/","title":{"rendered":"Home"},"content":{"rendered":"<h1>ORANGE<\/h1>\n<h2>ING\u00c9NIERIE ET CONSTRUCTION M\u00c9CANIQUES<\/h2>\n<h1>QUI SOMMES NOUS ?<\/h1>\n<div>\n<p>Orange Evp Italia est une soci\u00e9t\u00e9 d\u2019ing\u00e9nierie et de constructions m\u00e9talliques op\u00e9rant dans les secteurs de l\u2019aluminium, de l\u2019acier et de l\u2019industrie automobile. \nL\u2019entreprise est leader mondial dans la conception et l\u2019installation d\u2019\u00e9quipements cl\u00e9 en main\npour la production d\u2019\u00e9changeurs thermiques Roll-Bond \u00e0 tr\u00e8s haut rendement.<\/p>\n<\/div>\n<p>\n    <a href=\"https:\/\/orangeco.it\/fr\/entreprise\/qui-sommes-nous\/\">LIRE PLUS<\/a>\n<\/p>\n<div>USINAGES EN ALUMINIUM<\/div>\n<ul>\n<li>\n<p>        <img decoding=\"async\" src=\"\/wp-content\/uploads\/2022\/09\/ALL.7-1.jpg\" alt=\"\"><\/p>\n<h3 class=\" translation-block\"><a href=\"\/fr\/aluminium\/technologie-roll-bond\/\"> Technologie Roll-Bond<\/a><\/h3>\n<p><a href=\"https:\/\/orangeco.it\/fr\/aluminium\/technologie-roll-bond\/\">Lire plus<\/a><\/p>\n<\/li>\n<li>\n<p>        <img decoding=\"async\" src=\"\/wp-content\/uploads\/2023\/01\/shutterstock_1066726451-copia.jpg\" alt=\"\"><\/p>\n<h3 class=\" translation-block\"><a href=\"\/fr\/aluminium\/Installations-de-laminage \/\"> Installations de laminage<\/a><\/h3>\n<p><a href=\"https:\/\/orangeco.it\/fr\/aluminium\/installations-de-laminage\/\">Lire plus<\/a><\/p>\n<\/li>\n<li>\n<p>        <img decoding=\"async\" src=\"\/wp-content\/uploads\/2023\/01\/shutterstock_1579820071-copia.jpg\" alt=\"\"><\/p>\n<h3 class=\" translation-block\"><a href=\"\/fr\/aluminium\/lignes-de-coulee-continue\/\"> Lignes de coul\u00e9e continue<\/a><\/h3>\n<p><a href=\"https:\/\/orangeco.it\/fr\/aluminium\/lignes-de-coulee-continue\/\">Lire plus<\/a><\/p>\n<\/li>\n<li>\n<p>        <img decoding=\"async\" src=\"\/wp-content\/uploads\/2023\/01\/shutterstock_2113781441-copia.jpg\" alt=\"\"><\/p>\n<h3 class=\" translation-block\"><a href=\"\/fr\/aluminium\/presses-a-extruder\/\"> Presses \u00e0 extruder<\/a><\/h3>\n<p><a href=\"https:\/\/orangeco.it\/fr\/aluminium\/presses-a-extruder\/\">Lire plus<\/a><\/p>\n<\/li>\n<\/ul>\n<h1>ASSISTANCE TECHNIQUE MONDIALE<\/h1>\n<div>\n<p>Gr\u00e2ce au programme d\u2019assistance technique sur place, les techniciens sp\u00e9cialis\u00e9s d\u2019Orange Evp Italia peuvent intervenir aupr\u00e8s de votre installation tr\u00e8s rapidement, ce qui permet d\u2019\u00e9viter des arr\u00eats longs et co\u00fbteux de la production.<\/p>\n<\/div>\n<p>\n    <a href=\"https:\/\/orangeco.it\/fr\/entreprise\/assistance-technique-mondiale\/\">LIRE PLUS<\/a>\n<\/p>\n<h1>USINAGES EN ACIER<\/h1>\n<ul>\n<li>\n<p>        <img decoding=\"async\" src=\"\/wp-content\/uploads\/2023\/01\/shutterstock_1968577210.jpg\" alt=\"\"><\/p>\n<div class=\" translation-block\"><a href=\"\/fr\/acier\/fonderies-cle-en-main\/\"> Fonderies cl\u00e9 en main<\/a><\/div>\n<p><a href=\"https:\/\/orangeco.it\/fr\/acier\/fonderies-cle-en-main\/\">Lire plus<\/a><\/p>\n<\/li>\n<li>\n<p>        <img decoding=\"async\" src=\"\/wp-content\/uploads\/2023\/01\/shutterstock_2118251738.jpg\" alt=\"\"><\/p>\n<div class=\" translation-block\"><a href=\"\/fr\/acier\/fours-a-arc-electrique \/\"> Fours \u00e0 arc \u00e9lectrique <\/a><\/div>\n<p><a href=\"https:\/\/orangeco.it\/fr\/acier\/fours-a-arc-electrique\/\">Lire plus<\/a><\/p>\n<\/li>\n<li>\n<p>        <img decoding=\"async\" src=\"\/wp-content\/uploads\/2023\/01\/shutterstock_1565684749.jpg\" alt=\"\"><\/p>\n<div>Charpenterie m\u00e9tallique lourde<\/div>\n<p><a href=\"https:\/\/orangeco.it\/fr\/acier\/charpenterie-metallique-lourde\/\">Lire plus<\/a><\/p>\n<\/li>\n<\/ul>\n<h1>SERVICES COMPL\u00c9MENTAIRES<\/h1>\n<div>\n<p>Orange Evp Italia, une entreprise leader dans la conception et la construction de machines sp\u00e9ciales pour l\u2019usinage des m\u00e9taux, offre une vaste gamme de services compl\u00e9mentaires, tant au niveau national qu\u2019international<\/p>\n<\/div>\n<p>\n    <a href=\"https:\/\/orangeco.it\/fr\/entreprise\/services-complementaires\/\">LIRE PLUS<\/a>\n<\/p>\n<h1>AUTOMOBILE<\/h1>\n<ul>\n<li>\n<p>        <img decoding=\"async\" src=\"\/wp-content\/uploads\/2022\/09\/ALL.1.jpg\" alt=\"\"><\/p>\n<h3 class=\" translation-block\">Plaques de refroidissement<\/h3>\n<p><a href=\"https:\/\/orangeco.it\/fr\/automobile\/lignes-de-production-de-plaques-de-refroidissement\/\">Lire plus<\/a><\/p>\n<\/li>\n<li>\n<p>        <img decoding=\"async\" src=\"\/wp-content\/uploads\/2023\/01\/shutterstock_1542543572-1.jpg\" alt=\"\"><\/p>\n<h3 class=\" translation-block\"><a href=\"\/fr\/automobile\/lignes-dassemblage\/\"> Lignes d\u2019assemblage<\/a><\/h3>\n<p><a href=\"https:\/\/orangeco.it\/fr\/automobile\/lignes-dassemblage\/\">Lire plus<\/a><\/p>\n<\/li>\n<\/ul>\n<h1>CONTACTS<\/h1>\n<div>\n<p>Orange Evp Italia srl <br \/>Via Milano,1<br \/>24040 Boltiere (BG)\nItalie<\/p>\n<p><strong>T\u00e9l.<\/strong>\u00a0(+39) 328 2033858<br \/>info@orangeco.it<br \/><span>www.orangeco.it <\/span><\/p>\n<\/div>\n<p>\n    <a href=\"https:\/\/orangeco.it\/fr\/contacts\/\">CONTACTEZ NOUS<\/a>\n<\/p>\n<p><!--more--><br \/>\n<!-- {\"name\":\"Home\",\"type\":\"layout\",\"children\":[{\"name\":\"Hero\",\"type\":\"section\",\"props\":{\"style\":\"default\",\"width\":\"large\",\"vertical_align\":\"middle\",\"title_position\":\"top-left\",\"title_rotation\":\"left\",\"title_breakpoint\":\"xl\",\"image_position\":\"center-center\",\"height\":\"full\",\"padding\":\"large\",\"image\":\"wp-content\\\/uploads\\\/2022\\\/09\\\/metallo.png\",\"text_color\":\"light\",\"image_size\":\"cover\",\"image_width\":\"2560\",\"image_loading\":true,\"image_effect\":\"parallax\",\"sticky\":\"\",\"animation\":\"slide-left-medium\",\"animation_delay\":\"200\",\"padding_remove_top\":false,\"image_parallax_easing\":\"1\",\"media_visibility\":\"m\"},\"children\":[{\"name\":\"\",\"type\":\"row\",\"children\":[{\"name\":\"\",\"type\":\"column\",\"props\":{\"image_position\":\"center-center\",\"width_medium\":\"1-1\",\"media_overlay_gradient\":\"\",\"position_sticky_breakpoint\":\"m\",\"vertical_align\":\"middle\"},\"children\":[{\"name\":\"\",\"type\":\"headline\",\"props\":{\"title_element\":\"h1\",\"title_style\":\"heading-2xlarge\",\"text_align\":\"left\",\"content\":\"ORANGE\",\"title_color\":\"warning\",\"margin\":\"small\",\"css\":\"@media (min-width: 0px) and (max-width: 640px) {\\n    .el-element { \\n        font-size: 60px;\\n    }\\n}\\n@media (min-width: 641px) and (max-width: 960px) {\\n    .el-element { \\n        font-size: 100px;\\n    }\\n}\"}},{\"name\":\"\",\"type\":\"headline\",\"props\":{\"title_element\":\"h2\",\"title_style\":\"h2\",\"text_align\":\"left\",\"content\":\"INGEGNERIA E COSTRUZIONI MECCANICHE\",\"title_color\":\"warning\",\"margin\":\"small\",\"css\":\"@media (min-width: 0px) and (max-width: 640px) {\\n    .el-element { \\n        font-size: 20px;\\n    }\\n}\\n@media (min-width: 641px) and (max-width: 960px) {\\n    .el-element { \\n        font-size: 43,2px;\\n    }\\n}\\n\"}}]}],\"props\":{\"margin\":\"xlarge\",\"margin_remove_top\":false,\"class\":\"homeslider\"}},{\"type\":\"row\",\"props\":{\"margin\":\"xlarge\"},\"children\":[{\"type\":\"column\",\"props\":{\"position_sticky_breakpoint\":\"m\",\"image_position\":\"center-center\",\"media_overlay_gradient\":\"\"},\"children\":[]}]},{\"type\":\"row\",\"props\":{\"margin\":\"xlarge\"},\"children\":[{\"type\":\"column\",\"props\":{\"position_sticky_breakpoint\":\"m\",\"image_position\":\"center-center\",\"media_overlay_gradient\":\"\"},\"children\":[]}]},{\"type\":\"row\",\"props\":{\"margin\":\"xlarge\"},\"children\":[{\"type\":\"column\",\"props\":{\"position_sticky_breakpoint\":\"m\",\"image_position\":\"center-center\",\"media_overlay_gradient\":\"\"},\"children\":[{\"type\":\"headline\",\"props\":{\"title_element\":\"h1\",\"content\":\"CHI SIAMO\",\"title_color\":\"secondary\",\"title_style\":\"heading-small\",\"text_align\":\"right\",\"margin\":\"small\",\"css\":\"@media (min-width: 0px) and (max-width: 640px) {\\n    .el-element { \\n        font-size: 35px;\\n    }\\n}\\n@media (min-width: 641px) and (max-width: 960px) {\\n    .el-element { \\n        font-size: 43,2px;\\n    }\\n}\\n\"}},{\"type\":\"text\",\"props\":{\"margin\":\"default\",\"column_breakpoint\":\"m\",\"content\":\"\n\n<p>Orange Evp Italia \\u200b\\u200b\\u00e8 una societ\\u00e0 di ingegneria e costruzioni meccaniche che opera nei settori dell\\u2019alluminio, acciaio ed Automotive. L'azienda \\u00e8 leader mondiale nella progettazione ed installazione di impianti, chiavi in \\u200b\\u200bmano, per la produzione di scambiatori di calore Roll-Bond ad altissima efficienza.<\\\/p>\",\"text_color\":\"muted\",\"maxwidth\":\"medium\",\"margin_remove_top\":true,\"block_align\":\"right\",\"text_align\":\"right\",\"text_style\":\"lead\"}},{\"type\":\"button\",\"props\":{\"grid_column_gap\":\"small\",\"grid_row_gap\":\"small\",\"margin\":\"default\",\"text_align\":\"right\"},\"children\":[{\"type\":\"button_item\",\"props\":{\"button_style\":\"primary\",\"icon_align\":\"left\",\"content\":\"LEGGI TUTTO\",\"link\":\"azienda\\\/chi-siamo\\\/\"}}]}]}]}]},{\"type\":\"section\",\"props\":{\"style\":\"secondary\",\"width\":\"expand\",\"vertical_align\":\"middle\",\"title_position\":\"top-left\",\"title_rotation\":\"left\",\"title_breakpoint\":\"xl\",\"image_position\":\"center-center\",\"animation\":\"slide-top-medium\",\"animation_delay\":\"150\"},\"children\":[{\"type\":\"row\",\"children\":[{\"type\":\"column\",\"props\":{\"position_sticky_breakpoint\":\"m\",\"image_position\":\"center-center\",\"media_overlay_gradient\":\"\",\"style\":\"secondary\",\"preserve_color\":false,\"vertical_align\":\"middle\",\"position_sticky\":\"\"},\"children\":[{\"type\":\"headline\",\"props\":{\"title_element\":\"div\",\"content\":\"LAVORAZIONI IN ALLUMINIO\",\"text_align\":\"center\",\"title_style\":\"heading-small\",\"margin\":\"medium\",\"css\":\"@media (min-width: 0px) and (max-width: 640px) {\\n    .el-element { \\n        font-size: 35px;\\n    }\\n}\\n@media (min-width: 641px) and (max-width: 960px) {\\n    .el-element { \\n        font-size: 43,2px;\\n    }\\n}\\n\"}},{\"type\":\"gallery\",\"props\":{\"show_title\":true,\"show_meta\":true,\"show_content\":true,\"show_link\":true,\"show_hover_image\":true,\"grid_default\":\"1\",\"grid_medium\":\"2\",\"filter_style\":\"tab\",\"filter_all\":true,\"filter_position\":\"top\",\"filter_align\":\"left\",\"filter_grid_width\":\"auto\",\"filter_grid_breakpoint\":\"m\",\"overlay_mode\":\"cover\",\"overlay_hover\":true,\"overlay_style\":\"overlay-default\",\"text_color\":\"light\",\"overlay_position\":\"center\",\"overlay_transition\":\"slide-top-medium\",\"title_hover_style\":\"reset\",\"title_element\":\"h3\",\"meta_style\":\"text-meta\",\"meta_align\":\"below-title\",\"meta_element\":\"div\",\"link_text\":\"Scopri di pi\\u00f9\",\"link_style\":\"link-text\",\"text_align\":\"center\",\"margin\":\"default\",\"item_animation\":true,\"image_transition_border\":false,\"link_target\":false,\"link_fullwidth\":false,\"link_transition\":\"slide-top-medium\",\"title_style\":\"heading-small\",\"grid_column_gap\":\"medium\",\"grid_divider\":false,\"grid_parallax\":\"\",\"grid_masonry\":false,\"grid_row_gap\":\"medium\",\"grid_column_align\":false,\"grid_row_align\":false,\"parallax_easing\":\"1\",\"css\":\"@media (min-width: 0px) and (max-width: 640px) {\\n    .el-title { \\n        font-size: 25px;\\n    }\\n}\"},\"children\":[{\"type\":\"gallery_item\",\"props\":{\"title\":\"Tecnologia Roll-Bond\",\"image\":\"wp-content\\\/uploads\\\/2022\\\/09\\\/ALL.7-1.jpg\",\"text_color_hover\":false,\"link\":\"alluminio\\\/tecnologia-roll-bond\\\/\",\"image_alt\":\"\"}},{\"type\":\"gallery_item\",\"props\":{\"title\":\"Impianti di <br\\\/>laminazione\",\"image\":\"wp-content\\\/uploads\\\/2023\\\/01\\\/shutterstock_1066726451-copia.jpg\",\"text_color_hover\":false,\"link\":\"alluminio\\\/impianti-di-laminazione\\\/\"}},{\"type\":\"gallery_item\",\"props\":{\"title\":\"Linee di <br\\\/>colata continua\",\"image\":\"wp-content\\\/uploads\\\/2023\\\/01\\\/shutterstock_1579820071-copia.jpg\",\"text_color_hover\":false,\"link\":\"alluminio\\\/linee-di-colata-continua\\\/\"}},{\"type\":\"gallery_item\",\"props\":{\"title\":\"Presse di<br\\\/> estrusione\",\"image\":\"wp-content\\\/uploads\\\/2023\\\/01\\\/shutterstock_2113781441-copia.jpg\",\"text_color_hover\":false,\"link\":\"alluminio\\\/presse-di-estrusione\\\/\"}}]}]}]}]},{\"name\":\"Hero\",\"type\":\"section\",\"props\":{\"style\":\"default\",\"width\":\"large\",\"vertical_align\":\"middle\",\"title_position\":\"top-left\",\"title_rotation\":\"left\",\"title_breakpoint\":\"xl\",\"image_position\":\"center-center\",\"height\":\"full\",\"padding\":\"large\",\"image\":\"wp-content\\\/uploads\\\/2022\\\/09\\\/metallo-2.png\",\"text_color\":\"light\",\"image_size\":\"cover\",\"image_width\":\"2560\",\"image_loading\":true,\"image_effect\":\"parallax\",\"sticky\":\"\",\"animation\":\"slide-left-medium\",\"animation_delay\":\"200\",\"image_parallax_easing\":\"1\",\"media_visibility\":\"m\"},\"children\":[{\"name\":\"\",\"type\":\"row\",\"children\":[{\"name\":\"\",\"type\":\"column\",\"props\":{\"image_position\":\"center-center\",\"width_medium\":\"1-2\",\"media_overlay_gradient\":\"\",\"position_sticky_breakpoint\":\"m\"},\"children\":[]},{\"type\":\"column\",\"props\":{\"position_sticky_breakpoint\":\"m\",\"image_position\":\"center-center\",\"media_overlay_gradient\":\"\",\"width_medium\":\"1-2\"},\"children\":[{\"name\":\"\",\"type\":\"headline\",\"props\":{\"title_element\":\"h1\",\"title_style\":\"heading-small\",\"text_align\":\"right\",\"content\":\"ASSISTENZA TECNICA GLOBALE\",\"title_color\":\"secondary\",\"margin\":\"small\",\"maxwidth\":\"2xlarge\",\"block_align\":\"right\",\"css\":\"@media (min-width: 0px) and (max-width: 640px) {\\n    .el-element { \\n        font-size: 35px;\\n    }\\n}\\n@media (min-width: 641px) and (max-width: 960px) {\\n    .el-element { \\n        font-size: 43,2px;\\n    }\\n}\\n\"}},{\"type\":\"text\",\"props\":{\"margin\":\"default\",\"column_breakpoint\":\"m\",\"content\":\"\n\n<p>Grazie al programma di assistenza tecnica in loco, i tecnici specializzati di Orange Evp Italia\\u00a0 possono intervenire presso il vostro impianto molto rapidamente, ci\\u00f2 consente di evitare fermi di produzione lunghi e costosi.<\\\/p>\",\"text_color\":\"muted\",\"maxwidth\":\"xlarge\",\"margin_remove_top\":true,\"block_align\":\"right\",\"text_align\":\"right\",\"text_style\":\"lead\"}},{\"type\":\"button\",\"props\":{\"grid_column_gap\":\"small\",\"grid_row_gap\":\"small\",\"margin\":\"default\",\"text_align\":\"right\"},\"children\":[{\"type\":\"button_item\",\"props\":{\"button_style\":\"primary\",\"icon_align\":\"left\",\"content\":\"LEGGI TUTTO\",\"link\":\"azienda\\\/assistenza-tecnica-globale\\\/\"}}]}]}],\"props\":{\"margin\":\"xlarge\",\"margin_remove_top\":false,\"layout\":\"1-2,1-2\"}}]},{\"type\":\"section\",\"props\":{\"style\":\"secondary\",\"width\":\"expand\",\"vertical_align\":\"middle\",\"title_position\":\"top-left\",\"title_rotation\":\"left\",\"title_breakpoint\":\"xl\",\"image_position\":\"center-center\",\"animation\":\"slide-top-medium\",\"animation_delay\":\"150\"},\"children\":[{\"type\":\"row\",\"children\":[{\"type\":\"column\",\"props\":{\"position_sticky_breakpoint\":\"m\",\"image_position\":\"center-center\",\"media_overlay_gradient\":\"\",\"style\":\"secondary\",\"preserve_color\":false,\"vertical_align\":\"middle\",\"position_sticky\":\"\"},\"children\":[{\"type\":\"headline\",\"props\":{\"title_element\":\"h1\",\"content\":\"LAVORAZIONI IN ACCIAIO\",\"text_align\":\"center\",\"title_style\":\"heading-small\",\"margin\":\"medium\",\"css\":\"@media (min-width: 0px) and (max-width: 640px) {\\n    .el-element { \\n        font-size: 35px;\\n    }\\n}\\n@media (min-width: 641px) and (max-width: 960px) {\\n    .el-element { \\n        font-size: 43,2px;\\n    }\\n}\\n\"}},{\"type\":\"gallery\",\"props\":{\"show_title\":true,\"show_meta\":true,\"show_content\":true,\"show_link\":true,\"show_hover_image\":true,\"grid_default\":\"1\",\"grid_medium\":\"3\",\"filter_style\":\"tab\",\"filter_all\":true,\"filter_position\":\"top\",\"filter_align\":\"left\",\"filter_grid_width\":\"auto\",\"filter_grid_breakpoint\":\"m\",\"overlay_mode\":\"cover\",\"overlay_hover\":true,\"overlay_style\":\"overlay-default\",\"text_color\":\"light\",\"overlay_position\":\"center\",\"overlay_transition\":\"slide-top-medium\",\"title_hover_style\":\"reset\",\"title_element\":\"div\",\"meta_style\":\"text-meta\",\"meta_align\":\"below-title\",\"meta_element\":\"div\",\"link_text\":\"Scopri di pi\\u00f9\",\"link_style\":\"link-text\",\"text_align\":\"center\",\"margin\":\"default\",\"item_animation\":true,\"image_transition_border\":false,\"link_target\":false,\"link_fullwidth\":false,\"link_transition\":\"slide-top-medium\",\"title_style\":\"h2\",\"grid_divider\":false,\"grid_parallax\":\"\",\"grid_masonry\":false,\"grid_row_gap\":\"large\",\"grid_column_align\":false,\"grid_row_align\":false,\"parallax_easing\":\"1\",\"grid_small\":\"1\",\"css\":\"@media (min-width: 0px) and (max-width: 640px) {\\n    .el-title { \\n        font-size: 25px;\\n    }\\n}\"},\"children\":[{\"type\":\"gallery_item\",\"props\":{\"title\":\"Fonderie <br \/>  chiavi in mano\",\"image\":\"wp-content\\\/uploads\\\/2023\\\/01\\\/shutterstock_1968577210.jpg\",\"text_color_hover\":false,\"link\":\"acciaio\\\/fonderie-chiavi-in-mano\\\/\"}},{\"type\":\"gallery_item\",\"props\":{\"title\":\"Forni elettrici<br \/> ad arco \",\"image\":\"wp-content\\\/uploads\\\/2023\\\/01\\\/shutterstock_2118251738.jpg\",\"text_color_hover\":false,\"link\":\"acciaio\\\/forni-elettrici-ad-arco\\\/\"}},{\"type\":\"gallery_item\",\"props\":{\"title\":\"Carpenteria metallica pesante\",\"image\":\"wp-content\\\/uploads\\\/2023\\\/01\\\/shutterstock_1565684749.jpg\",\"text_color_hover\":false,\"link\":\"acciaio\\\/carpenteria-metallica-pesante\\\/\"}}]}]}]}]},{\"name\":\"Hero\",\"type\":\"section\",\"props\":{\"style\":\"default\",\"width\":\"large\",\"vertical_align\":\"middle\",\"title_position\":\"top-left\",\"title_rotation\":\"left\",\"title_breakpoint\":\"xl\",\"image_position\":\"bottom-right\",\"height\":\"full\",\"padding\":\"large\",\"image\":\"wp-content\\\/uploads\\\/2022\\\/10\\\/cose-strane-1.png\",\"text_color\":\"light\",\"image_size\":\"cover\",\"image_width\":\"2560\",\"image_loading\":true,\"image_effect\":\"parallax\",\"sticky\":\"\",\"animation\":\"slide-left-medium\",\"animation_delay\":\"200\",\"image_parallax_easing\":\"1\",\"media_visibility\":\"m\"},\"children\":[{\"name\":\"\",\"type\":\"row\",\"children\":[{\"name\":\"\",\"type\":\"column\",\"props\":{\"image_position\":\"center-center\",\"width_medium\":\"1-2\",\"media_overlay_gradient\":\"\",\"position_sticky_breakpoint\":\"m\"},\"children\":[{\"name\":\"\",\"type\":\"headline\",\"props\":{\"title_element\":\"h1\",\"title_style\":\"heading-small\",\"text_align\":\"left\",\"content\":\"SERVIZI COMPLEMENTARI\",\"title_color\":\"secondary\",\"margin\":\"small\",\"maxwidth\":\"2xlarge\",\"block_align\":\"right\",\"css\":\"@media (min-width: 0px) and (max-width: 640px) {\\n    .el-element { \\n        font-size: 35px;\\n    }\\n}\\n@media (min-width: 641px) and (max-width: 960px) {\\n    .el-element { \\n        font-size: 43,2px;\\n    }\\n}\\n\"}},{\"type\":\"text\",\"props\":{\"margin\":\"default\",\"column_breakpoint\":\"m\",\"content\":\"\n\n<p>Orange Evp Italia, azienda leader nella progettazione e costruzione di macchine speciali per la lavorazione dei metalli, offre una vasta gamma di servizi complementari, sia a livello nazionale che internazionale.<\\\/p>\",\"text_color\":\"muted\",\"maxwidth\":\"xlarge\",\"margin_remove_top\":true,\"text_align\":\"left\",\"text_style\":\"lead\"}},{\"type\":\"button\",\"props\":{\"grid_column_gap\":\"small\",\"grid_row_gap\":\"small\",\"margin\":\"default\",\"text_align\":\"left\"},\"children\":[{\"type\":\"button_item\",\"props\":{\"button_style\":\"primary\",\"icon_align\":\"left\",\"content\":\"LEGGI TUTTO\",\"link\":\"azienda\\\/servizi-complementari\\\/\"}}]}]},{\"type\":\"column\",\"props\":{\"position_sticky_breakpoint\":\"m\",\"image_position\":\"center-center\",\"media_overlay_gradient\":\"\",\"width_medium\":\"1-2\"},\"children\":[]}],\"props\":{\"margin\":\"xlarge\",\"margin_remove_top\":false,\"layout\":\"1-2,1-2\"}}]},{\"type\":\"section\",\"props\":{\"style\":\"secondary\",\"width\":\"expand\",\"vertical_align\":\"middle\",\"title_position\":\"top-left\",\"title_rotation\":\"left\",\"title_breakpoint\":\"xl\",\"image_position\":\"center-center\",\"animation\":\"slide-top-medium\",\"animation_delay\":\"150\"},\"children\":[{\"type\":\"row\",\"children\":[{\"type\":\"column\",\"props\":{\"position_sticky_breakpoint\":\"m\",\"image_position\":\"center-center\",\"media_overlay_gradient\":\"\",\"style\":\"secondary\",\"preserve_color\":false,\"vertical_align\":\"middle\",\"position_sticky\":\"\"},\"children\":[{\"type\":\"headline\",\"props\":{\"title_element\":\"h1\",\"content\":\"AUTOMOTIVE\",\"text_align\":\"center\",\"title_style\":\"heading-small\",\"margin\":\"medium\",\"css\":\"@media (min-width: 0px) and (max-width: 640px) {\\n    .el-element { \\n        font-size: 35px;\\n    }\\n}\\n@media (min-width: 641px) and (max-width: 960px) {\\n    .el-element { \\n        font-size: 43,2px;\\n    }\\n}\\n\"}},{\"type\":\"gallery\",\"props\":{\"show_title\":true,\"show_meta\":true,\"show_content\":true,\"show_link\":true,\"show_hover_image\":true,\"grid_default\":\"1\",\"grid_medium\":\"2\",\"filter_style\":\"tab\",\"filter_all\":true,\"filter_position\":\"top\",\"filter_align\":\"left\",\"filter_grid_width\":\"auto\",\"filter_grid_breakpoint\":\"m\",\"overlay_mode\":\"cover\",\"overlay_hover\":true,\"overlay_style\":\"overlay-default\",\"text_color\":\"light\",\"overlay_position\":\"center\",\"overlay_transition\":\"slide-top-medium\",\"title_hover_style\":\"reset\",\"title_element\":\"h3\",\"meta_style\":\"text-meta\",\"meta_align\":\"below-title\",\"meta_element\":\"div\",\"link_text\":\"Scopri di pi\\u00f9\",\"link_style\":\"link-text\",\"text_align\":\"center\",\"margin\":\"default\",\"item_animation\":true,\"image_transition_border\":false,\"link_target\":false,\"link_fullwidth\":false,\"link_transition\":\"slide-top-medium\",\"title_style\":\"heading-small\",\"grid_column_gap\":\"medium\",\"grid_divider\":false,\"grid_parallax\":\"\",\"grid_masonry\":false,\"grid_row_gap\":\"medium\",\"grid_column_align\":false,\"grid_row_align\":false,\"parallax_easing\":\"1\",\"css\":\"@media (min-width: 0px) and (max-width: 640px) {\\n    .el-title { \\n        font-size: 25px;\\n    }\\n}\"},\"children\":[{\"type\":\"gallery_item\",\"props\":{\"title\":\"Piastre di<br\\\/> raffreddamento\",\"image\":\"wp-content\\\/uploads\\\/2022\\\/09\\\/ALL.1.jpg\",\"text_color_hover\":false,\"link\":\"automotive\\\/linee-di-produzione-piastre-di-raffreddamento\\\/\",\"image_alt\":\"\"}},{\"type\":\"gallery_item\",\"props\":{\"title\":\"Linee di<br\\\/> assemblaggio\",\"image\":\"wp-content\\\/uploads\\\/2023\\\/01\\\/shutterstock_1542543572-1.jpg\",\"text_color_hover\":false,\"link\":\"automotive\\\/linee-di-assemblaggio\\\/\"}}]}]}]}]},{\"name\":\"Hero\",\"type\":\"section\",\"props\":{\"style\":\"default\",\"width\":\"large\",\"vertical_align\":\"middle\",\"title_position\":\"top-left\",\"title_rotation\":\"left\",\"title_breakpoint\":\"xl\",\"image_position\":\"bottom-right\",\"height\":\"full\",\"padding\":\"large\",\"image\":\"wp-content\\\/uploads\\\/2022\\\/10\\\/shutterstock_1266244810.png\",\"text_color\":\"light\",\"image_size\":\"cover\",\"image_width\":\"2560\",\"image_loading\":true,\"image_effect\":\"parallax\",\"sticky\":\"\",\"animation\":\"slide-left-medium\",\"animation_delay\":\"200\",\"image_parallax_easing\":\"1\",\"media_visibility\":\"m\"},\"children\":[{\"name\":\"\",\"type\":\"row\",\"children\":[{\"name\":\"\",\"type\":\"column\",\"props\":{\"image_position\":\"center-center\",\"width_medium\":\"1-2\",\"media_overlay_gradient\":\"\",\"position_sticky_breakpoint\":\"m\"},\"children\":[{\"name\":\"\",\"type\":\"headline\",\"props\":{\"title_element\":\"h1\",\"title_style\":\"heading-small\",\"text_align\":\"left\",\"content\":\"CONTATTI\",\"title_color\":\"secondary\",\"margin\":\"small\",\"maxwidth\":\"2xlarge\",\"block_align\":\"right\",\"css\":\"@media (min-width: 0px) and (max-width: 640px) {\\n    .el-element { \\n        font-size: 35px;\\n    }\\n}\\n@media (min-width: 641px) and (max-width: 960px) {\\n    .el-element { \\n        font-size: 43,2px;\\n    }\\n}\\n\"}},{\"type\":\"text\",\"props\":{\"margin\":\"default\",\"column_breakpoint\":\"m\",\"content\":\"\n\n<p>Orange Evp Italia srl <br \\\/>Via Milano,1<br \\\/>24040 Boltiere (BG) Italia<\\\/p>\\n\n\n<p><strong>Tel.<\\\/strong>\\u00a0(+39) 328 2033858<br \\\/>info@orangeco.it<br \\\/><span>www.orangeco.it <\\\/span><\\\/p>\",\"text_color\":\"muted\",\"maxwidth\":\"xlarge\",\"margin_remove_top\":true,\"text_align\":\"left\",\"text_style\":\"lead\"}},{\"type\":\"button\",\"props\":{\"grid_column_gap\":\"small\",\"grid_row_gap\":\"small\",\"margin\":\"default\",\"text_align\":\"left\"},\"children\":[{\"type\":\"button_item\",\"props\":{\"button_style\":\"primary\",\"icon_align\":\"left\",\"content\":\"CONTATTACI\",\"link\":\"contatti\\\/\"}}]}]},{\"type\":\"column\",\"props\":{\"position_sticky_breakpoint\":\"m\",\"image_position\":\"center-center\",\"media_overlay_gradient\":\"\",\"width_medium\":\"1-2\"},\"children\":[]}],\"props\":{\"margin\":\"xlarge\",\"margin_remove_top\":false,\"layout\":\"1-2,1-2\"}}]}],\"version\":\"3.0.6\"} --><\/p>","protected":false},"excerpt":{"rendered":"<p>ORANGE INGEGNERIA E COSTRUZIONI MECCANICHE CHI SIAMO Orange Evp Italia \u200b\u200b\u00e8 una societ\u00e0 di ingegneria e costruzioni meccaniche che opera nei settori dell\u2019alluminio, acciaio ed Automotive. L&#8217;azienda \u00e8 leader mondiale nella progettazione ed installazione di impianti, chiavi in \u200b\u200bmano, per la produzione di scambiatori di calore Roll-Bond ad altissima efficienza. LEGGI TUTTO LAVORAZIONI IN ALLUMINIO [&hellip;]<\/p>","protected":false},"author":1,"featured_media":0,"parent":0,"menu_order":4,"comment_status":"open","ping_status":"open","template":"","meta":{"footnotes":""},"class_list":["post-1","page","type-page","status-publish","hentry"],"acf":[],"_links":{"self":[{"href":"https:\/\/orangeco.it\/fr\/wp-json\/wp\/v2\/pages\/1","targetHints":{"allow":["GET"]}}],"collection":[{"href":"https:\/\/orangeco.it\/fr\/wp-json\/wp\/v2\/pages"}],"about":[{"href":"https:\/\/orangeco.it\/fr\/wp-json\/wp\/v2\/types\/page"}],"author":[{"embeddable":true,"href":"https:\/\/orangeco.it\/fr\/wp-json\/wp\/v2\/users\/1"}],"replies":[{"embeddable":true,"href":"https:\/\/orangeco.it\/fr\/wp-json\/wp\/v2\/comments?post=1"}],"version-history":[{"count":165,"href":"https:\/\/orangeco.it\/fr\/wp-json\/wp\/v2\/pages\/1\/revisions"}],"predecessor-version":[{"id":2784,"href":"https:\/\/orangeco.it\/fr\/wp-json\/wp\/v2\/pages\/1\/revisions\/2784"}],"wp:attachment":[{"href":"https:\/\/orangeco.it\/fr\/wp-json\/wp\/v2\/media?parent=1"}],"curies":[{"name":"wp","href":"https:\/\/api.w.org\/{rel}","templated":true}]}}